{"id":292,"date":"2019-12-26T19:46:27","date_gmt":"2019-12-26T19:46:27","guid":{"rendered":"https:\/\/kinemed.es\/?page_id=292"},"modified":"2019-12-26T20:16:20","modified_gmt":"2019-12-26T20:16:20","slug":"diatermia","status":"publish","type":"page","link":"https:\/\/kinemed.es\/index.php\/diatermia\/","title":{"rendered":"DIATERMIA"},"content":{"rendered":"<p>Dentro de las t\u00e9cnicas de electroterapia avanzada, la <strong>DIATERMIA<\/strong> es un tratamiento que acumula un bagaje de eficacia contrastada. Se trata de una terapia basada en el <strong>uso de corrientes el\u00e9ctricas de alta frecuencia, con lo que consigue estimular los tejidos en zonas muy profundas que son muy dif\u00edciles de activar<\/strong>. De esta forma, con la diatermia se consiguen avances notables frente a patolog\u00edas o <strong>lesiones como esguinces, roturas fibrilares o contracturas.<\/strong><\/p>\n<p>En <strong>KINEMED FISIOTERAPIA<\/strong> contamos con <strong>David<\/strong>, nuestro especialista en la aplicaci\u00f3n y en el aspecto t\u00e9cnico y tecnol\u00f3gico de los tratamientos de diatermia. \u00c9l trabaja esta t\u00e9cnica desde hace a\u00f1os y recientemente ha incorporado nuevos equipos punteros para su aplicaci\u00f3n.<\/p>\n<p><img fetchpriority=\"high\" decoding=\"async\" class=\"aligncenter size-full wp-image-295\" src=\"https:\/\/kinemed.es\/wp-content\/uploads\/2019\/12\/Diatermia.jpg\" alt=\"Diatermia\" width=\"1181\" height=\"573\" srcset=\"https:\/\/kinemed.es\/wp-content\/uploads\/2019\/12\/Diatermia.jpg 1181w, https:\/\/kinemed.es\/wp-content\/uploads\/2019\/12\/Diatermia-300x146.jpg 300w, https:\/\/kinemed.es\/wp-content\/uploads\/2019\/12\/Diatermia-768x373.jpg 768w, https:\/\/kinemed.es\/wp-content\/uploads\/2019\/12\/Diatermia-1024x497.jpg 1024w\" sizes=\"(max-width: 1181px) 100vw, 1181px\" \/><br \/>\nLa diatermia es una t\u00e9cnica con una larga trayectoria de m\u00e1s de 30 a\u00f1os, que se basa en la producci\u00f3n de ondas de alta frecuencia que producen un aumento de temperatura en la zona lesionada. \u00c9sta no es una terapia de moda, la diatermia es un tratamiento necesario muy de actualidad por su alta eficacia.<\/p>\n<p>La diatermia est\u00e1 indicada para esguinces de tobillo, tendinopat\u00edas, rotura de fibras, contusiones, contracturas, fracturas, sobrecargas o edemas; pues permite acelerar el metabolismo y la absorci\u00f3n del edema, lo que hace que se acorten los tiempos de recuperaci\u00f3n.<\/p>\n<p><strong>TIPOS DE DIATERMIA<\/strong><\/p>\n<p>Existen b\u00e1sicamente dos tipos de diatermia:<\/p>\n<p><strong>Diatermia Capacitativa:<\/strong> se utiliza para los tejidos m\u00e1s superficiales. Suele usarse para la recuperaci\u00f3n muscular.<br \/>\n<strong>Diatermia Resistiva:<\/strong> permite trabajar con tendones, hueso y ligamentos.<br \/>\nEn Kienmed trabajamos con equipos de diatermia que permiten trabajar en los dos sentidos utilizando un s\u00f3lo aplicador.<\/p>\n<p><strong>EFECTOS DE LA DIATERMIA<\/strong><\/p>\n<p>Esta t\u00e9cnica <strong>permite acelerar los mecanismos naturales de reparaci\u00f3n de los tejidos lesionados<\/strong>. La aplicaci\u00f3n de calor focalizado en tejidos profundos produce unos efectos bioqu\u00edmicos de mejora de la permeabilidad de la membrana celular, as\u00ed como un incremento de los intercambios i\u00f3nicos, y un aumento de la microcirculaci\u00f3n con una mayor vasodilataci\u00f3n. Esto produce, finalmente, la mejora de la reabsorci\u00f3n venosa y linf\u00e1tica.<br \/>\nLa transferencia de corriente de alta frecuencia produce varios efectos:<\/p>\n<p>&#8211; <strong>Eleva la temperatura<\/strong> de esos tejidos, en ocasiones a niveles muy profundos a los que no es posible llegar con otras t\u00e9cnicas.<br \/>\n&#8211; Se produce una <strong>elevaci\u00f3n del umbral del dolor<\/strong> como efecto de temperatura.<br \/>\n&#8211; Tiene <strong>efecto vasodilatador<\/strong>, de modoo que aumenta el flujo sangu\u00edneo para facilitar el drenaje de edemas.<br \/>\n&#8211; Efecto <strong>antiinflamatorio<\/strong>.<\/p>\n<p><strong>\u00bfLA DIATERMIA DUELE?<\/strong><\/p>\n<p>Esta t\u00e9cnica es <strong>totalmente indolora<\/strong> y no tiene ninguna contraindicaci\u00f3n, excepto en casos muy concretos. El paciente siempre esta con una sensaci\u00f3n t\u00e9rmica de calor, pero siempre en su zona de confort. Suele aplicarse en sesiones de 15-30 minutos. S\u00f3lo hay que tener precauci\u00f3n en pacientes con implantes como marcapasos o placas de fracturas. Eso si, la diatermia siempre tendr\u00e1 que ser <strong>aplicada por un especialista fisioterapeuta<\/strong>, y en combinaci\u00f3n de otras t\u00e9cnicas que se estimen oportunas.<\/p>\n","protected":false},"excerpt":{"rendered":"<p>Dentro de las t\u00e9cnicas de electroterapia avanzada, la DIATERMIA es un tratamiento que acumula un bagaje de eficacia contrastada. Se trata de una terapia basada <a class=\"more-link\" href=\"https:\/\/kinemed.es\/index.php\/diatermia\/\">Leer M\u00e1s &#8230;<\/a><\/p>\n","protected":false},"author":1,"featured_media":0,"parent":0,"menu_order":0,"comment_status":"closed","ping_status":"closed","template":"","meta":{"footnotes":""},"class_list":["post-292","page","type-page","status-publish","hentry"],"yoast_head":"<!-- This site is optimized with the Yoast SEO plugin v27.4 - https:\/\/yoast.com\/product\/yoast-seo-wordpress\/ -->\n<title>DIATERMIA - Cl&iacute;nica de Fisioterapia en Legan&eacute;s<\/title>\n<meta name=\"robots\" content=\"index, follow, max-snippet:-1, max-image-preview:large, max-video-preview:-1\" \/>\n<link rel=\"canonical\" href=\"https:\/\/kinemedes-jhloay7c69.live-website.com\/index.php\/diatermia\/\" \/>\n<meta property=\"og:locale\" content=\"es_ES\" \/>\n<meta property=\"og:type\" content=\"article\" \/>\n<meta property=\"og:title\" content=\"DIATERMIA - Cl&iacute;nica de Fisioterapia en Legan&eacute;s\" \/>\n<meta property=\"og:description\" content=\"Dentro de las t\u00e9cnicas de electroterapia avanzada, la DIATERMIA es un tratamiento que acumula un bagaje de eficacia contrastada. Se trata de una terapia basada Leer M\u00e1s ...\" \/>\n<meta property=\"og:url\" content=\"https:\/\/kinemedes-jhloay7c69.live-website.com\/index.php\/diatermia\/\" \/>\n<meta property=\"og:site_name\" content=\"Cl&iacute;nica de Fisioterapia en Legan&eacute;s\" \/>\n<meta property=\"article:publisher\" content=\"https:\/\/www.facebook.com\/profile.php?id=100016924636696\" \/>\n<meta property=\"article:modified_time\" content=\"2019-12-26T20:16:20+00:00\" \/>\n<meta property=\"og:image\" content=\"https:\/\/kinemedes-jhloay7c69.live-website.com\/wp-content\/uploads\/2019\/12\/Diatermia.jpg\" \/>\n<meta name=\"twitter:card\" content=\"summary_large_image\" \/>\n<meta name=\"twitter:label1\" content=\"Tiempo de lectura\" \/>\n\t<meta name=\"twitter:data1\" content=\"3 minutos\" \/>\n<script type=\"application\/ld+json\" class=\"yoast-schema-graph\">{\"@context\":\"https:\\\/\\\/schema.org\",\"@graph\":[{\"@type\":\"WebPage\",\"@id\":\"https:\\\/\\\/kinemedes-jhloay7c69.live-website.com\\\/index.php\\\/diatermia\\\/\",\"url\":\"https:\\\/\\\/kinemedes-jhloay7c69.live-website.com\\\/index.php\\\/diatermia\\\/\",\"name\":\"DIATERMIA - Cl&iacute;nica de Fisioterapia en Legan&eacute;s\",\"isPartOf\":{\"@id\":\"https:\\\/\\\/kinemedes-jhloay7c69.live-website.com\\\/#website\"},\"primaryImageOfPage\":{\"@id\":\"https:\\\/\\\/kinemedes-jhloay7c69.live-website.com\\\/index.php\\\/diatermia\\\/#primaryimage\"},\"image\":{\"@id\":\"https:\\\/\\\/kinemedes-jhloay7c69.live-website.com\\\/index.php\\\/diatermia\\\/#primaryimage\"},\"thumbnailUrl\":\"https:\\\/\\\/kinemed.es\\\/wp-content\\\/uploads\\\/2019\\\/12\\\/Diatermia.jpg\",\"datePublished\":\"2019-12-26T19:46:27+00:00\",\"dateModified\":\"2019-12-26T20:16:20+00:00\",\"breadcrumb\":{\"@id\":\"https:\\\/\\\/kinemedes-jhloay7c69.live-website.com\\\/index.php\\\/diatermia\\\/#breadcrumb\"},\"inLanguage\":\"es\",\"potentialAction\":[{\"@type\":\"ReadAction\",\"target\":[\"https:\\\/\\\/kinemedes-jhloay7c69.live-website.com\\\/index.php\\\/diatermia\\\/\"]}]},{\"@type\":\"ImageObject\",\"inLanguage\":\"es\",\"@id\":\"https:\\\/\\\/kinemedes-jhloay7c69.live-website.com\\\/index.php\\\/diatermia\\\/#primaryimage\",\"url\":\"https:\\\/\\\/kinemed.es\\\/wp-content\\\/uploads\\\/2019\\\/12\\\/Diatermia.jpg\",\"contentUrl\":\"https:\\\/\\\/kinemed.es\\\/wp-content\\\/uploads\\\/2019\\\/12\\\/Diatermia.jpg\",\"width\":1181,\"height\":573,\"caption\":\"Diatermia\"},{\"@type\":\"BreadcrumbList\",\"@id\":\"https:\\\/\\\/kinemedes-jhloay7c69.live-website.com\\\/index.php\\\/diatermia\\\/#breadcrumb\",\"itemListElement\":[{\"@type\":\"ListItem\",\"position\":1,\"name\":\"Portada\",\"item\":\"https:\\\/\\\/kinemedes-jhloay7c69.live-website.com\\\/\"},{\"@type\":\"ListItem\",\"position\":2,\"name\":\"DIATERMIA\"}]},{\"@type\":\"WebSite\",\"@id\":\"https:\\\/\\\/kinemedes-jhloay7c69.live-website.com\\\/#website\",\"url\":\"https:\\\/\\\/kinemedes-jhloay7c69.live-website.com\\\/\",\"name\":\"Cl&iacute;nica de Fisioterapia en Legan&eacute;s\",\"description\":\"Kinemed es un centro de fisioterapia y osteopat&iacute;a ubicado en Legan&eacute;s.\",\"publisher\":{\"@id\":\"https:\\\/\\\/kinemedes-jhloay7c69.live-website.com\\\/#organization\"},\"alternateName\":\"Kinemed\",\"potentialAction\":[{\"@type\":\"SearchAction\",\"target\":{\"@type\":\"EntryPoint\",\"urlTemplate\":\"https:\\\/\\\/kinemedes-jhloay7c69.live-website.com\\\/?s={search_term_string}\"},\"query-input\":{\"@type\":\"PropertyValueSpecification\",\"valueRequired\":true,\"valueName\":\"search_term_string\"}}],\"inLanguage\":\"es\"},{\"@type\":\"Organization\",\"@id\":\"https:\\\/\\\/kinemedes-jhloay7c69.live-website.com\\\/#organization\",\"name\":\"Cl&iacute;nica de Fisioterapia en Legan&eacute;s\",\"url\":\"https:\\\/\\\/kinemedes-jhloay7c69.live-website.com\\\/\",\"logo\":{\"@type\":\"ImageObject\",\"inLanguage\":\"es\",\"@id\":\"https:\\\/\\\/kinemedes-jhloay7c69.live-website.com\\\/#\\\/schema\\\/logo\\\/image\\\/\",\"url\":\"https:\\\/\\\/kinemed.es\\\/wp-content\\\/uploads\\\/2016\\\/11\\\/logotipo_kinemed.png\",\"contentUrl\":\"https:\\\/\\\/kinemed.es\\\/wp-content\\\/uploads\\\/2016\\\/11\\\/logotipo_kinemed.png\",\"width\":333,\"height\":82,\"caption\":\"Cl&iacute;nica de Fisioterapia en Legan&eacute;s\"},\"image\":{\"@id\":\"https:\\\/\\\/kinemedes-jhloay7c69.live-website.com\\\/#\\\/schema\\\/logo\\\/image\\\/\"},\"sameAs\":[\"https:\\\/\\\/www.facebook.com\\\/profile.php?id=100016924636696\"]}]}<\/script>\n<!-- \/ Yoast SEO plugin. -->","yoast_head_json":{"title":"DIATERMIA - Cl&iacute;nica de Fisioterapia en Legan&eacute;s","robots":{"index":"index","follow":"follow","max-snippet":"max-snippet:-1","max-image-preview":"max-image-preview:large","max-video-preview":"max-video-preview:-1"},"canonical":"https:\/\/kinemedes-jhloay7c69.live-website.com\/index.php\/diatermia\/","og_locale":"es_ES","og_type":"article","og_title":"DIATERMIA - Cl&iacute;nica de Fisioterapia en Legan&eacute;s","og_description":"Dentro de las t\u00e9cnicas de electroterapia avanzada, la DIATERMIA es un tratamiento que acumula un bagaje de eficacia contrastada. Se trata de una terapia basada Leer M\u00e1s ...","og_url":"https:\/\/kinemedes-jhloay7c69.live-website.com\/index.php\/diatermia\/","og_site_name":"Cl&iacute;nica de Fisioterapia en Legan&eacute;s","article_publisher":"https:\/\/www.facebook.com\/profile.php?id=100016924636696","article_modified_time":"2019-12-26T20:16:20+00:00","og_image":[{"url":"https:\/\/kinemedes-jhloay7c69.live-website.com\/wp-content\/uploads\/2019\/12\/Diatermia.jpg","type":"","width":"","height":""}],"twitter_card":"summary_large_image","twitter_misc":{"Tiempo de lectura":"3 minutos"},"schema":{"@context":"https:\/\/schema.org","@graph":[{"@type":"WebPage","@id":"https:\/\/kinemedes-jhloay7c69.live-website.com\/index.php\/diatermia\/","url":"https:\/\/kinemedes-jhloay7c69.live-website.com\/index.php\/diatermia\/","name":"DIATERMIA - Cl&iacute;nica de Fisioterapia en Legan&eacute;s","isPartOf":{"@id":"https:\/\/kinemedes-jhloay7c69.live-website.com\/#website"},"primaryImageOfPage":{"@id":"https:\/\/kinemedes-jhloay7c69.live-website.com\/index.php\/diatermia\/#primaryimage"},"image":{"@id":"https:\/\/kinemedes-jhloay7c69.live-website.com\/index.php\/diatermia\/#primaryimage"},"thumbnailUrl":"https:\/\/kinemed.es\/wp-content\/uploads\/2019\/12\/Diatermia.jpg","datePublished":"2019-12-26T19:46:27+00:00","dateModified":"2019-12-26T20:16:20+00:00","breadcrumb":{"@id":"https:\/\/kinemedes-jhloay7c69.live-website.com\/index.php\/diatermia\/#breadcrumb"},"inLanguage":"es","potentialAction":[{"@type":"ReadAction","target":["https:\/\/kinemedes-jhloay7c69.live-website.com\/index.php\/diatermia\/"]}]},{"@type":"ImageObject","inLanguage":"es","@id":"https:\/\/kinemedes-jhloay7c69.live-website.com\/index.php\/diatermia\/#primaryimage","url":"https:\/\/kinemed.es\/wp-content\/uploads\/2019\/12\/Diatermia.jpg","contentUrl":"https:\/\/kinemed.es\/wp-content\/uploads\/2019\/12\/Diatermia.jpg","width":1181,"height":573,"caption":"Diatermia"},{"@type":"BreadcrumbList","@id":"https:\/\/kinemedes-jhloay7c69.live-website.com\/index.php\/diatermia\/#breadcrumb","itemListElement":[{"@type":"ListItem","position":1,"name":"Portada","item":"https:\/\/kinemedes-jhloay7c69.live-website.com\/"},{"@type":"ListItem","position":2,"name":"DIATERMIA"}]},{"@type":"WebSite","@id":"https:\/\/kinemedes-jhloay7c69.live-website.com\/#website","url":"https:\/\/kinemedes-jhloay7c69.live-website.com\/","name":"Cl&iacute;nica de Fisioterapia en Legan&eacute;s","description":"Kinemed es un centro de fisioterapia y osteopat&iacute;a ubicado en Legan&eacute;s.","publisher":{"@id":"https:\/\/kinemedes-jhloay7c69.live-website.com\/#organization"},"alternateName":"Kinemed","potentialAction":[{"@type":"SearchAction","target":{"@type":"EntryPoint","urlTemplate":"https:\/\/kinemedes-jhloay7c69.live-website.com\/?s={search_term_string}"},"query-input":{"@type":"PropertyValueSpecification","valueRequired":true,"valueName":"search_term_string"}}],"inLanguage":"es"},{"@type":"Organization","@id":"https:\/\/kinemedes-jhloay7c69.live-website.com\/#organization","name":"Cl&iacute;nica de Fisioterapia en Legan&eacute;s","url":"https:\/\/kinemedes-jhloay7c69.live-website.com\/","logo":{"@type":"ImageObject","inLanguage":"es","@id":"https:\/\/kinemedes-jhloay7c69.live-website.com\/#\/schema\/logo\/image\/","url":"https:\/\/kinemed.es\/wp-content\/uploads\/2016\/11\/logotipo_kinemed.png","contentUrl":"https:\/\/kinemed.es\/wp-content\/uploads\/2016\/11\/logotipo_kinemed.png","width":333,"height":82,"caption":"Cl&iacute;nica de Fisioterapia en Legan&eacute;s"},"image":{"@id":"https:\/\/kinemedes-jhloay7c69.live-website.com\/#\/schema\/logo\/image\/"},"sameAs":["https:\/\/www.facebook.com\/profile.php?id=100016924636696"]}]}},"_links":{"self":[{"href":"https:\/\/kinemed.es\/index.php\/wp-json\/wp\/v2\/pages\/292","targetHints":{"allow":["GET"]}}],"collection":[{"href":"https:\/\/kinemed.es\/index.php\/wp-json\/wp\/v2\/pages"}],"about":[{"href":"https:\/\/kinemed.es\/index.php\/wp-json\/wp\/v2\/types\/page"}],"author":[{"embeddable":true,"href":"https:\/\/kinemed.es\/index.php\/wp-json\/wp\/v2\/users\/1"}],"replies":[{"embeddable":true,"href":"https:\/\/kinemed.es\/index.php\/wp-json\/wp\/v2\/comments?post=292"}],"version-history":[{"count":5,"href":"https:\/\/kinemed.es\/index.php\/wp-json\/wp\/v2\/pages\/292\/revisions"}],"predecessor-version":[{"id":299,"href":"https:\/\/kinemed.es\/index.php\/wp-json\/wp\/v2\/pages\/292\/revisions\/299"}],"wp:attachment":[{"href":"https:\/\/kinemed.es\/index.php\/wp-json\/wp\/v2\/media?parent=292"}],"curies":[{"name":"wp","href":"https:\/\/api.w.org\/{rel}","templated":true}]}}