{"id":279,"date":"2019-12-26T18:58:36","date_gmt":"2019-12-26T18:58:36","guid":{"rendered":"https:\/\/kinemed.es\/?page_id=279"},"modified":"2019-12-26T19:11:17","modified_gmt":"2019-12-26T19:11:17","slug":"reeducacion-postural-global-rpg","status":"publish","type":"page","link":"https:\/\/kinemed.es\/index.php\/reeducacion-postural-global-rpg\/","title":{"rendered":"Reeducaci\u00f3n Postural Global (RPG)"},"content":{"rendered":"<p><strong>La reeducaci\u00f3n Postural Global (RPG)<\/strong> es un innovador m\u00e9todo de fisioterapia desarrollado por el fisioterapeuta franc\u00e9s <em>Philippe Souchard<\/em>, e introducido en Espa\u00f1a hace ya m\u00e1s de 30 a\u00f1os. Es un m\u00e9todo de fisioterapia <strong>suave, progresivo y activo, que puede ser aplicado en cualquier edad<\/strong> respetando las posibilidades de cada persona.<\/p>\n<p><img fetchpriority=\"high\" decoding=\"async\" class=\"aligncenter size-full wp-image-282\" src=\"https:\/\/kinemed.es\/wp-content\/uploads\/2019\/12\/reeducacion_postural-e1577386967687.jpg\" alt=\"Reeducacion postural RPG\" width=\"1181\" height=\"573\" srcset=\"https:\/\/kinemed.es\/wp-content\/uploads\/2019\/12\/reeducacion_postural-e1577386967687.jpg 1181w, https:\/\/kinemed.es\/wp-content\/uploads\/2019\/12\/reeducacion_postural-e1577386967687-300x146.jpg 300w, https:\/\/kinemed.es\/wp-content\/uploads\/2019\/12\/reeducacion_postural-e1577386967687-768x373.jpg 768w, https:\/\/kinemed.es\/wp-content\/uploads\/2019\/12\/reeducacion_postural-e1577386967687-1024x497.jpg 1024w\" sizes=\"(max-width: 1181px) 100vw, 1181px\" \/><br \/>\nEsta terapia se fundamenta en el <strong>an\u00e1lisis minucioso, estudio y observaci\u00f3n de la anatom\u00eda, la fisiolog\u00eda y la manera en que enferma el ser humano<\/strong>. Simplemente con el paso del tiempo y el tipo de vida que muchas ocasiones llevamos, vamos acumulando tensiones, perdiendo elasticidad y nos vamos deformando y encogiendo.<br \/>\nTodo ello se agrava en caso de existir alg\u00fan factor a\u00f1adido: accidente, enfermedad, etc. Con el tratamiento RPG el paciente participa en su propia recuperaci\u00f3n, guiado en todo momento por la terapeuta. El cuidado de las articulaciones, la atenci\u00f3n constante a la respiraci\u00f3n y el trabajo respetuoso de la musculatura, hacen de la RPG un maravilloso m\u00e9todo de fisioterapia.<\/p>\n","protected":false},"excerpt":{"rendered":"<p>La reeducaci\u00f3n Postural Global (RPG) es un innovador m\u00e9todo de fisioterapia desarrollado por el fisioterapeuta franc\u00e9s Philippe Souchard, e introducido en Espa\u00f1a hace ya m\u00e1s <a class=\"more-link\" href=\"https:\/\/kinemed.es\/index.php\/reeducacion-postural-global-rpg\/\">Leer M\u00e1s &#8230;<\/a><\/p>\n","protected":false},"author":1,"featured_media":0,"parent":0,"menu_order":0,"comment_status":"closed","ping_status":"closed","template":"","meta":{"footnotes":""},"class_list":["post-279","page","type-page","status-publish","hentry"],"yoast_head":"<!-- This site is optimized with the Yoast SEO plugin v27.4 - https:\/\/yoast.com\/product\/yoast-seo-wordpress\/ -->\n<title>Reeducaci\u00f3n Postural Global (RPG) - Cl&iacute;nica de Fisioterapia en Legan&eacute;s<\/title>\n<meta name=\"robots\" content=\"index, follow, max-snippet:-1, max-image-preview:large, max-video-preview:-1\" \/>\n<link rel=\"canonical\" href=\"https:\/\/kinemedes-jhloay7c69.live-website.com\/index.php\/reeducacion-postural-global-rpg\/\" \/>\n<meta property=\"og:locale\" content=\"es_ES\" \/>\n<meta property=\"og:type\" content=\"article\" \/>\n<meta property=\"og:title\" content=\"Reeducaci\u00f3n Postural Global (RPG) - Cl&iacute;nica de Fisioterapia en Legan&eacute;s\" \/>\n<meta property=\"og:description\" content=\"La reeducaci\u00f3n Postural Global (RPG) es un innovador m\u00e9todo de fisioterapia desarrollado por el fisioterapeuta franc\u00e9s Philippe Souchard, e introducido en Espa\u00f1a hace ya m\u00e1s Leer M\u00e1s ...\" \/>\n<meta property=\"og:url\" content=\"https:\/\/kinemedes-jhloay7c69.live-website.com\/index.php\/reeducacion-postural-global-rpg\/\" \/>\n<meta property=\"og:site_name\" content=\"Cl&iacute;nica de Fisioterapia en Legan&eacute;s\" \/>\n<meta property=\"article:publisher\" content=\"https:\/\/www.facebook.com\/profile.php?id=100016924636696\" \/>\n<meta property=\"article:modified_time\" content=\"2019-12-26T19:11:17+00:00\" \/>\n<meta property=\"og:image\" content=\"https:\/\/kinemedes-jhloay7c69.live-website.com\/wp-content\/uploads\/2019\/12\/reeducacion_postural-e1577386967687.jpg\" \/>\n<meta name=\"twitter:card\" content=\"summary_large_image\" \/>\n<meta name=\"twitter:label1\" content=\"Tiempo de lectura\" \/>\n\t<meta name=\"twitter:data1\" content=\"1 minuto\" \/>\n<script type=\"application\/ld+json\" class=\"yoast-schema-graph\">{\"@context\":\"https:\\\/\\\/schema.org\",\"@graph\":[{\"@type\":\"WebPage\",\"@id\":\"https:\\\/\\\/kinemedes-jhloay7c69.live-website.com\\\/index.php\\\/reeducacion-postural-global-rpg\\\/\",\"url\":\"https:\\\/\\\/kinemedes-jhloay7c69.live-website.com\\\/index.php\\\/reeducacion-postural-global-rpg\\\/\",\"name\":\"Reeducaci\u00f3n Postural Global (RPG) - Cl&iacute;nica de Fisioterapia en Legan&eacute;s\",\"isPartOf\":{\"@id\":\"https:\\\/\\\/kinemedes-jhloay7c69.live-website.com\\\/#website\"},\"primaryImageOfPage\":{\"@id\":\"https:\\\/\\\/kinemedes-jhloay7c69.live-website.com\\\/index.php\\\/reeducacion-postural-global-rpg\\\/#primaryimage\"},\"image\":{\"@id\":\"https:\\\/\\\/kinemedes-jhloay7c69.live-website.com\\\/index.php\\\/reeducacion-postural-global-rpg\\\/#primaryimage\"},\"thumbnailUrl\":\"https:\\\/\\\/kinemed.es\\\/wp-content\\\/uploads\\\/2019\\\/12\\\/reeducacion_postural-e1577386967687.jpg\",\"datePublished\":\"2019-12-26T18:58:36+00:00\",\"dateModified\":\"2019-12-26T19:11:17+00:00\",\"breadcrumb\":{\"@id\":\"https:\\\/\\\/kinemedes-jhloay7c69.live-website.com\\\/index.php\\\/reeducacion-postural-global-rpg\\\/#breadcrumb\"},\"inLanguage\":\"es\",\"potentialAction\":[{\"@type\":\"ReadAction\",\"target\":[\"https:\\\/\\\/kinemedes-jhloay7c69.live-website.com\\\/index.php\\\/reeducacion-postural-global-rpg\\\/\"]}]},{\"@type\":\"ImageObject\",\"inLanguage\":\"es\",\"@id\":\"https:\\\/\\\/kinemedes-jhloay7c69.live-website.com\\\/index.php\\\/reeducacion-postural-global-rpg\\\/#primaryimage\",\"url\":\"https:\\\/\\\/kinemed.es\\\/wp-content\\\/uploads\\\/2019\\\/12\\\/reeducacion_postural-e1577386967687.jpg\",\"contentUrl\":\"https:\\\/\\\/kinemed.es\\\/wp-content\\\/uploads\\\/2019\\\/12\\\/reeducacion_postural-e1577386967687.jpg\",\"width\":1181,\"height\":573,\"caption\":\"Reeducacion postural RPG\"},{\"@type\":\"BreadcrumbList\",\"@id\":\"https:\\\/\\\/kinemedes-jhloay7c69.live-website.com\\\/index.php\\\/reeducacion-postural-global-rpg\\\/#breadcrumb\",\"itemListElement\":[{\"@type\":\"ListItem\",\"position\":1,\"name\":\"Portada\",\"item\":\"https:\\\/\\\/kinemedes-jhloay7c69.live-website.com\\\/\"},{\"@type\":\"ListItem\",\"position\":2,\"name\":\"Reeducaci\u00f3n Postural Global (RPG)\"}]},{\"@type\":\"WebSite\",\"@id\":\"https:\\\/\\\/kinemedes-jhloay7c69.live-website.com\\\/#website\",\"url\":\"https:\\\/\\\/kinemedes-jhloay7c69.live-website.com\\\/\",\"name\":\"Cl&iacute;nica de Fisioterapia en Legan&eacute;s\",\"description\":\"Kinemed es un centro de fisioterapia y osteopat&iacute;a ubicado en Legan&eacute;s.\",\"publisher\":{\"@id\":\"https:\\\/\\\/kinemedes-jhloay7c69.live-website.com\\\/#organization\"},\"alternateName\":\"Kinemed\",\"potentialAction\":[{\"@type\":\"SearchAction\",\"target\":{\"@type\":\"EntryPoint\",\"urlTemplate\":\"https:\\\/\\\/kinemedes-jhloay7c69.live-website.com\\\/?s={search_term_string}\"},\"query-input\":{\"@type\":\"PropertyValueSpecification\",\"valueRequired\":true,\"valueName\":\"search_term_string\"}}],\"inLanguage\":\"es\"},{\"@type\":\"Organization\",\"@id\":\"https:\\\/\\\/kinemedes-jhloay7c69.live-website.com\\\/#organization\",\"name\":\"Cl&iacute;nica de Fisioterapia en Legan&eacute;s\",\"url\":\"https:\\\/\\\/kinemedes-jhloay7c69.live-website.com\\\/\",\"logo\":{\"@type\":\"ImageObject\",\"inLanguage\":\"es\",\"@id\":\"https:\\\/\\\/kinemedes-jhloay7c69.live-website.com\\\/#\\\/schema\\\/logo\\\/image\\\/\",\"url\":\"https:\\\/\\\/kinemed.es\\\/wp-content\\\/uploads\\\/2016\\\/11\\\/logotipo_kinemed.png\",\"contentUrl\":\"https:\\\/\\\/kinemed.es\\\/wp-content\\\/uploads\\\/2016\\\/11\\\/logotipo_kinemed.png\",\"width\":333,\"height\":82,\"caption\":\"Cl&iacute;nica de Fisioterapia en Legan&eacute;s\"},\"image\":{\"@id\":\"https:\\\/\\\/kinemedes-jhloay7c69.live-website.com\\\/#\\\/schema\\\/logo\\\/image\\\/\"},\"sameAs\":[\"https:\\\/\\\/www.facebook.com\\\/profile.php?id=100016924636696\"]}]}<\/script>\n<!-- \/ Yoast SEO plugin. -->","yoast_head_json":{"title":"Reeducaci\u00f3n Postural Global (RPG) - Cl&iacute;nica de Fisioterapia en Legan&eacute;s","robots":{"index":"index","follow":"follow","max-snippet":"max-snippet:-1","max-image-preview":"max-image-preview:large","max-video-preview":"max-video-preview:-1"},"canonical":"https:\/\/kinemedes-jhloay7c69.live-website.com\/index.php\/reeducacion-postural-global-rpg\/","og_locale":"es_ES","og_type":"article","og_title":"Reeducaci\u00f3n Postural Global (RPG) - Cl&iacute;nica de Fisioterapia en Legan&eacute;s","og_description":"La reeducaci\u00f3n Postural Global (RPG) es un innovador m\u00e9todo de fisioterapia desarrollado por el fisioterapeuta franc\u00e9s Philippe Souchard, e introducido en Espa\u00f1a hace ya m\u00e1s Leer M\u00e1s ...","og_url":"https:\/\/kinemedes-jhloay7c69.live-website.com\/index.php\/reeducacion-postural-global-rpg\/","og_site_name":"Cl&iacute;nica de Fisioterapia en Legan&eacute;s","article_publisher":"https:\/\/www.facebook.com\/profile.php?id=100016924636696","article_modified_time":"2019-12-26T19:11:17+00:00","og_image":[{"url":"https:\/\/kinemedes-jhloay7c69.live-website.com\/wp-content\/uploads\/2019\/12\/reeducacion_postural-e1577386967687.jpg","type":"","width":"","height":""}],"twitter_card":"summary_large_image","twitter_misc":{"Tiempo de lectura":"1 minuto"},"schema":{"@context":"https:\/\/schema.org","@graph":[{"@type":"WebPage","@id":"https:\/\/kinemedes-jhloay7c69.live-website.com\/index.php\/reeducacion-postural-global-rpg\/","url":"https:\/\/kinemedes-jhloay7c69.live-website.com\/index.php\/reeducacion-postural-global-rpg\/","name":"Reeducaci\u00f3n Postural Global (RPG) - Cl&iacute;nica de Fisioterapia en Legan&eacute;s","isPartOf":{"@id":"https:\/\/kinemedes-jhloay7c69.live-website.com\/#website"},"primaryImageOfPage":{"@id":"https:\/\/kinemedes-jhloay7c69.live-website.com\/index.php\/reeducacion-postural-global-rpg\/#primaryimage"},"image":{"@id":"https:\/\/kinemedes-jhloay7c69.live-website.com\/index.php\/reeducacion-postural-global-rpg\/#primaryimage"},"thumbnailUrl":"https:\/\/kinemed.es\/wp-content\/uploads\/2019\/12\/reeducacion_postural-e1577386967687.jpg","datePublished":"2019-12-26T18:58:36+00:00","dateModified":"2019-12-26T19:11:17+00:00","breadcrumb":{"@id":"https:\/\/kinemedes-jhloay7c69.live-website.com\/index.php\/reeducacion-postural-global-rpg\/#breadcrumb"},"inLanguage":"es","potentialAction":[{"@type":"ReadAction","target":["https:\/\/kinemedes-jhloay7c69.live-website.com\/index.php\/reeducacion-postural-global-rpg\/"]}]},{"@type":"ImageObject","inLanguage":"es","@id":"https:\/\/kinemedes-jhloay7c69.live-website.com\/index.php\/reeducacion-postural-global-rpg\/#primaryimage","url":"https:\/\/kinemed.es\/wp-content\/uploads\/2019\/12\/reeducacion_postural-e1577386967687.jpg","contentUrl":"https:\/\/kinemed.es\/wp-content\/uploads\/2019\/12\/reeducacion_postural-e1577386967687.jpg","width":1181,"height":573,"caption":"Reeducacion postural RPG"},{"@type":"BreadcrumbList","@id":"https:\/\/kinemedes-jhloay7c69.live-website.com\/index.php\/reeducacion-postural-global-rpg\/#breadcrumb","itemListElement":[{"@type":"ListItem","position":1,"name":"Portada","item":"https:\/\/kinemedes-jhloay7c69.live-website.com\/"},{"@type":"ListItem","position":2,"name":"Reeducaci\u00f3n Postural Global (RPG)"}]},{"@type":"WebSite","@id":"https:\/\/kinemedes-jhloay7c69.live-website.com\/#website","url":"https:\/\/kinemedes-jhloay7c69.live-website.com\/","name":"Cl&iacute;nica de Fisioterapia en Legan&eacute;s","description":"Kinemed es un centro de fisioterapia y osteopat&iacute;a ubicado en Legan&eacute;s.","publisher":{"@id":"https:\/\/kinemedes-jhloay7c69.live-website.com\/#organization"},"alternateName":"Kinemed","potentialAction":[{"@type":"SearchAction","target":{"@type":"EntryPoint","urlTemplate":"https:\/\/kinemedes-jhloay7c69.live-website.com\/?s={search_term_string}"},"query-input":{"@type":"PropertyValueSpecification","valueRequired":true,"valueName":"search_term_string"}}],"inLanguage":"es"},{"@type":"Organization","@id":"https:\/\/kinemedes-jhloay7c69.live-website.com\/#organization","name":"Cl&iacute;nica de Fisioterapia en Legan&eacute;s","url":"https:\/\/kinemedes-jhloay7c69.live-website.com\/","logo":{"@type":"ImageObject","inLanguage":"es","@id":"https:\/\/kinemedes-jhloay7c69.live-website.com\/#\/schema\/logo\/image\/","url":"https:\/\/kinemed.es\/wp-content\/uploads\/2016\/11\/logotipo_kinemed.png","contentUrl":"https:\/\/kinemed.es\/wp-content\/uploads\/2016\/11\/logotipo_kinemed.png","width":333,"height":82,"caption":"Cl&iacute;nica de Fisioterapia en Legan&eacute;s"},"image":{"@id":"https:\/\/kinemedes-jhloay7c69.live-website.com\/#\/schema\/logo\/image\/"},"sameAs":["https:\/\/www.facebook.com\/profile.php?id=100016924636696"]}]}},"_links":{"self":[{"href":"https:\/\/kinemed.es\/index.php\/wp-json\/wp\/v2\/pages\/279","targetHints":{"allow":["GET"]}}],"collection":[{"href":"https:\/\/kinemed.es\/index.php\/wp-json\/wp\/v2\/pages"}],"about":[{"href":"https:\/\/kinemed.es\/index.php\/wp-json\/wp\/v2\/types\/page"}],"author":[{"embeddable":true,"href":"https:\/\/kinemed.es\/index.php\/wp-json\/wp\/v2\/users\/1"}],"replies":[{"embeddable":true,"href":"https:\/\/kinemed.es\/index.php\/wp-json\/wp\/v2\/comments?post=279"}],"version-history":[{"count":3,"href":"https:\/\/kinemed.es\/index.php\/wp-json\/wp\/v2\/pages\/279\/revisions"}],"predecessor-version":[{"id":284,"href":"https:\/\/kinemed.es\/index.php\/wp-json\/wp\/v2\/pages\/279\/revisions\/284"}],"wp:attachment":[{"href":"https:\/\/kinemed.es\/index.php\/wp-json\/wp\/v2\/media?parent=279"}],"curies":[{"name":"wp","href":"https:\/\/api.w.org\/{rel}","templated":true}]}}