{"id":268,"date":"2019-12-26T18:34:47","date_gmt":"2019-12-26T18:34:47","guid":{"rendered":"https:\/\/kinemed.es\/?page_id=268"},"modified":"2019-12-26T18:54:30","modified_gmt":"2019-12-26T18:54:30","slug":"fisioterapia-deportiva","status":"publish","type":"page","link":"https:\/\/kinemed.es\/index.php\/fisioterapia-deportiva\/","title":{"rendered":"Fisioterapia Deportiva"},"content":{"rendered":"<p><strong>La fisioterapia deportiva<\/strong> orienta sus t\u00e9cnicas a la prevenci\u00f3n y tratamiento de las lesiones producidas por la actividad f\u00edsica, lo primero ser\u00e1 realizar un buen diagn\u00f3stico para lo que utilizamos las pruebas ortop\u00e9dicas pertinentes, una visi\u00f3n osteop\u00e1tica (global) del cuerpo y un estudio posturol\u00f3gico si es necesario, para lo cual contamos con una plataforma estabilom\u00e9trica que nos permite analizar la pisada y los captores posturales que pueden producir una mala funci\u00f3n muscular o disminuci\u00f3n del rendimiento deportivo.<\/p>\n<p><img fetchpriority=\"high\" decoding=\"async\" class=\"aligncenter wp-image-271 size-full\" src=\"https:\/\/kinemed.es\/wp-content\/uploads\/2019\/12\/kinemed_fisioterapia_deportiva.jpg\" alt=\"Fisioterapia Deportiva\" width=\"1181\" height=\"573\" srcset=\"https:\/\/kinemed.es\/wp-content\/uploads\/2019\/12\/kinemed_fisioterapia_deportiva.jpg 1181w, https:\/\/kinemed.es\/wp-content\/uploads\/2019\/12\/kinemed_fisioterapia_deportiva-300x146.jpg 300w, https:\/\/kinemed.es\/wp-content\/uploads\/2019\/12\/kinemed_fisioterapia_deportiva-768x373.jpg 768w, https:\/\/kinemed.es\/wp-content\/uploads\/2019\/12\/kinemed_fisioterapia_deportiva-1024x497.jpg 1024w\" sizes=\"(max-width: 1181px) 100vw, 1181px\" \/><br \/>Para el tratamiento utilizamos t\u00e9cnicas propias de la osteopat\u00eda, punci\u00f3n seca, vendaje neuromuscular, vendaje funcional, RPG, masaje deportivo&#8230; d\u00e1ndole importancia a una valoraci\u00f3n nutricional fundamental en la prevenci\u00f3n de lesiones deportivas.<\/p>\n","protected":false},"excerpt":{"rendered":"<p>La fisioterapia deportiva orienta sus t\u00e9cnicas a la prevenci\u00f3n y tratamiento de las lesiones producidas por la actividad f\u00edsica, lo primero ser\u00e1 realizar un buen <a class=\"more-link\" href=\"https:\/\/kinemed.es\/index.php\/fisioterapia-deportiva\/\">Leer M\u00e1s &#8230;<\/a><\/p>\n","protected":false},"author":1,"featured_media":0,"parent":0,"menu_order":0,"comment_status":"closed","ping_status":"closed","template":"","meta":{"footnotes":""},"class_list":["post-268","page","type-page","status-publish","hentry"],"yoast_head":"<!-- This site is optimized with the Yoast SEO plugin v27.4 - https:\/\/yoast.com\/product\/yoast-seo-wordpress\/ -->\n<title>Fisioterapia Deportiva - Cl&iacute;nica de Fisioterapia en Legan&eacute;s<\/title>\n<meta name=\"robots\" content=\"index, follow, max-snippet:-1, max-image-preview:large, max-video-preview:-1\" \/>\n<link rel=\"canonical\" href=\"https:\/\/kinemedes-jhloay7c69.live-website.com\/index.php\/fisioterapia-deportiva\/\" \/>\n<meta property=\"og:locale\" content=\"es_ES\" \/>\n<meta property=\"og:type\" content=\"article\" \/>\n<meta property=\"og:title\" content=\"Fisioterapia Deportiva - Cl&iacute;nica de Fisioterapia en Legan&eacute;s\" \/>\n<meta property=\"og:description\" content=\"La fisioterapia deportiva orienta sus t\u00e9cnicas a la prevenci\u00f3n y tratamiento de las lesiones producidas por la actividad f\u00edsica, lo primero ser\u00e1 realizar un buen Leer M\u00e1s ...\" \/>\n<meta property=\"og:url\" content=\"https:\/\/kinemedes-jhloay7c69.live-website.com\/index.php\/fisioterapia-deportiva\/\" \/>\n<meta property=\"og:site_name\" content=\"Cl&iacute;nica de Fisioterapia en Legan&eacute;s\" \/>\n<meta property=\"article:publisher\" content=\"https:\/\/www.facebook.com\/profile.php?id=100016924636696\" \/>\n<meta property=\"article:modified_time\" content=\"2019-12-26T18:54:30+00:00\" \/>\n<meta property=\"og:image\" content=\"https:\/\/kinemedes-jhloay7c69.live-website.com\/wp-content\/uploads\/2019\/12\/kinemed_fisioterapia_deportiva.jpg\" \/>\n<meta name=\"twitter:card\" content=\"summary_large_image\" \/>\n<meta name=\"twitter:label1\" content=\"Tiempo de lectura\" \/>\n\t<meta name=\"twitter:data1\" content=\"1 minuto\" \/>\n<script type=\"application\/ld+json\" class=\"yoast-schema-graph\">{\"@context\":\"https:\\\/\\\/schema.org\",\"@graph\":[{\"@type\":\"WebPage\",\"@id\":\"https:\\\/\\\/kinemedes-jhloay7c69.live-website.com\\\/index.php\\\/fisioterapia-deportiva\\\/\",\"url\":\"https:\\\/\\\/kinemedes-jhloay7c69.live-website.com\\\/index.php\\\/fisioterapia-deportiva\\\/\",\"name\":\"Fisioterapia Deportiva - Cl&iacute;nica de Fisioterapia en Legan&eacute;s\",\"isPartOf\":{\"@id\":\"https:\\\/\\\/kinemedes-jhloay7c69.live-website.com\\\/#website\"},\"primaryImageOfPage\":{\"@id\":\"https:\\\/\\\/kinemedes-jhloay7c69.live-website.com\\\/index.php\\\/fisioterapia-deportiva\\\/#primaryimage\"},\"image\":{\"@id\":\"https:\\\/\\\/kinemedes-jhloay7c69.live-website.com\\\/index.php\\\/fisioterapia-deportiva\\\/#primaryimage\"},\"thumbnailUrl\":\"https:\\\/\\\/kinemed.es\\\/wp-content\\\/uploads\\\/2019\\\/12\\\/kinemed_fisioterapia_deportiva.jpg\",\"datePublished\":\"2019-12-26T18:34:47+00:00\",\"dateModified\":\"2019-12-26T18:54:30+00:00\",\"breadcrumb\":{\"@id\":\"https:\\\/\\\/kinemedes-jhloay7c69.live-website.com\\\/index.php\\\/fisioterapia-deportiva\\\/#breadcrumb\"},\"inLanguage\":\"es\",\"potentialAction\":[{\"@type\":\"ReadAction\",\"target\":[\"https:\\\/\\\/kinemedes-jhloay7c69.live-website.com\\\/index.php\\\/fisioterapia-deportiva\\\/\"]}]},{\"@type\":\"ImageObject\",\"inLanguage\":\"es\",\"@id\":\"https:\\\/\\\/kinemedes-jhloay7c69.live-website.com\\\/index.php\\\/fisioterapia-deportiva\\\/#primaryimage\",\"url\":\"https:\\\/\\\/kinemed.es\\\/wp-content\\\/uploads\\\/2019\\\/12\\\/kinemed_fisioterapia_deportiva.jpg\",\"contentUrl\":\"https:\\\/\\\/kinemed.es\\\/wp-content\\\/uploads\\\/2019\\\/12\\\/kinemed_fisioterapia_deportiva.jpg\",\"width\":1181,\"height\":573,\"caption\":\"Fisioterapia Deportiva\"},{\"@type\":\"BreadcrumbList\",\"@id\":\"https:\\\/\\\/kinemedes-jhloay7c69.live-website.com\\\/index.php\\\/fisioterapia-deportiva\\\/#breadcrumb\",\"itemListElement\":[{\"@type\":\"ListItem\",\"position\":1,\"name\":\"Portada\",\"item\":\"https:\\\/\\\/kinemedes-jhloay7c69.live-website.com\\\/\"},{\"@type\":\"ListItem\",\"position\":2,\"name\":\"Fisioterapia Deportiva\"}]},{\"@type\":\"WebSite\",\"@id\":\"https:\\\/\\\/kinemedes-jhloay7c69.live-website.com\\\/#website\",\"url\":\"https:\\\/\\\/kinemedes-jhloay7c69.live-website.com\\\/\",\"name\":\"Cl&iacute;nica de Fisioterapia en Legan&eacute;s\",\"description\":\"Kinemed es un centro de fisioterapia y osteopat&iacute;a ubicado en Legan&eacute;s.\",\"publisher\":{\"@id\":\"https:\\\/\\\/kinemedes-jhloay7c69.live-website.com\\\/#organization\"},\"alternateName\":\"Kinemed\",\"potentialAction\":[{\"@type\":\"SearchAction\",\"target\":{\"@type\":\"EntryPoint\",\"urlTemplate\":\"https:\\\/\\\/kinemedes-jhloay7c69.live-website.com\\\/?s={search_term_string}\"},\"query-input\":{\"@type\":\"PropertyValueSpecification\",\"valueRequired\":true,\"valueName\":\"search_term_string\"}}],\"inLanguage\":\"es\"},{\"@type\":\"Organization\",\"@id\":\"https:\\\/\\\/kinemedes-jhloay7c69.live-website.com\\\/#organization\",\"name\":\"Cl&iacute;nica de Fisioterapia en Legan&eacute;s\",\"url\":\"https:\\\/\\\/kinemedes-jhloay7c69.live-website.com\\\/\",\"logo\":{\"@type\":\"ImageObject\",\"inLanguage\":\"es\",\"@id\":\"https:\\\/\\\/kinemedes-jhloay7c69.live-website.com\\\/#\\\/schema\\\/logo\\\/image\\\/\",\"url\":\"https:\\\/\\\/kinemed.es\\\/wp-content\\\/uploads\\\/2016\\\/11\\\/logotipo_kinemed.png\",\"contentUrl\":\"https:\\\/\\\/kinemed.es\\\/wp-content\\\/uploads\\\/2016\\\/11\\\/logotipo_kinemed.png\",\"width\":333,\"height\":82,\"caption\":\"Cl&iacute;nica de Fisioterapia en Legan&eacute;s\"},\"image\":{\"@id\":\"https:\\\/\\\/kinemedes-jhloay7c69.live-website.com\\\/#\\\/schema\\\/logo\\\/image\\\/\"},\"sameAs\":[\"https:\\\/\\\/www.facebook.com\\\/profile.php?id=100016924636696\"]}]}<\/script>\n<!-- \/ Yoast SEO plugin. -->","yoast_head_json":{"title":"Fisioterapia Deportiva - Cl&iacute;nica de Fisioterapia en Legan&eacute;s","robots":{"index":"index","follow":"follow","max-snippet":"max-snippet:-1","max-image-preview":"max-image-preview:large","max-video-preview":"max-video-preview:-1"},"canonical":"https:\/\/kinemedes-jhloay7c69.live-website.com\/index.php\/fisioterapia-deportiva\/","og_locale":"es_ES","og_type":"article","og_title":"Fisioterapia Deportiva - Cl&iacute;nica de Fisioterapia en Legan&eacute;s","og_description":"La fisioterapia deportiva orienta sus t\u00e9cnicas a la prevenci\u00f3n y tratamiento de las lesiones producidas por la actividad f\u00edsica, lo primero ser\u00e1 realizar un buen Leer M\u00e1s ...","og_url":"https:\/\/kinemedes-jhloay7c69.live-website.com\/index.php\/fisioterapia-deportiva\/","og_site_name":"Cl&iacute;nica de Fisioterapia en Legan&eacute;s","article_publisher":"https:\/\/www.facebook.com\/profile.php?id=100016924636696","article_modified_time":"2019-12-26T18:54:30+00:00","og_image":[{"url":"https:\/\/kinemedes-jhloay7c69.live-website.com\/wp-content\/uploads\/2019\/12\/kinemed_fisioterapia_deportiva.jpg","type":"","width":"","height":""}],"twitter_card":"summary_large_image","twitter_misc":{"Tiempo de lectura":"1 minuto"},"schema":{"@context":"https:\/\/schema.org","@graph":[{"@type":"WebPage","@id":"https:\/\/kinemedes-jhloay7c69.live-website.com\/index.php\/fisioterapia-deportiva\/","url":"https:\/\/kinemedes-jhloay7c69.live-website.com\/index.php\/fisioterapia-deportiva\/","name":"Fisioterapia Deportiva - Cl&iacute;nica de Fisioterapia en Legan&eacute;s","isPartOf":{"@id":"https:\/\/kinemedes-jhloay7c69.live-website.com\/#website"},"primaryImageOfPage":{"@id":"https:\/\/kinemedes-jhloay7c69.live-website.com\/index.php\/fisioterapia-deportiva\/#primaryimage"},"image":{"@id":"https:\/\/kinemedes-jhloay7c69.live-website.com\/index.php\/fisioterapia-deportiva\/#primaryimage"},"thumbnailUrl":"https:\/\/kinemed.es\/wp-content\/uploads\/2019\/12\/kinemed_fisioterapia_deportiva.jpg","datePublished":"2019-12-26T18:34:47+00:00","dateModified":"2019-12-26T18:54:30+00:00","breadcrumb":{"@id":"https:\/\/kinemedes-jhloay7c69.live-website.com\/index.php\/fisioterapia-deportiva\/#breadcrumb"},"inLanguage":"es","potentialAction":[{"@type":"ReadAction","target":["https:\/\/kinemedes-jhloay7c69.live-website.com\/index.php\/fisioterapia-deportiva\/"]}]},{"@type":"ImageObject","inLanguage":"es","@id":"https:\/\/kinemedes-jhloay7c69.live-website.com\/index.php\/fisioterapia-deportiva\/#primaryimage","url":"https:\/\/kinemed.es\/wp-content\/uploads\/2019\/12\/kinemed_fisioterapia_deportiva.jpg","contentUrl":"https:\/\/kinemed.es\/wp-content\/uploads\/2019\/12\/kinemed_fisioterapia_deportiva.jpg","width":1181,"height":573,"caption":"Fisioterapia Deportiva"},{"@type":"BreadcrumbList","@id":"https:\/\/kinemedes-jhloay7c69.live-website.com\/index.php\/fisioterapia-deportiva\/#breadcrumb","itemListElement":[{"@type":"ListItem","position":1,"name":"Portada","item":"https:\/\/kinemedes-jhloay7c69.live-website.com\/"},{"@type":"ListItem","position":2,"name":"Fisioterapia Deportiva"}]},{"@type":"WebSite","@id":"https:\/\/kinemedes-jhloay7c69.live-website.com\/#website","url":"https:\/\/kinemedes-jhloay7c69.live-website.com\/","name":"Cl&iacute;nica de Fisioterapia en Legan&eacute;s","description":"Kinemed es un centro de fisioterapia y osteopat&iacute;a ubicado en Legan&eacute;s.","publisher":{"@id":"https:\/\/kinemedes-jhloay7c69.live-website.com\/#organization"},"alternateName":"Kinemed","potentialAction":[{"@type":"SearchAction","target":{"@type":"EntryPoint","urlTemplate":"https:\/\/kinemedes-jhloay7c69.live-website.com\/?s={search_term_string}"},"query-input":{"@type":"PropertyValueSpecification","valueRequired":true,"valueName":"search_term_string"}}],"inLanguage":"es"},{"@type":"Organization","@id":"https:\/\/kinemedes-jhloay7c69.live-website.com\/#organization","name":"Cl&iacute;nica de Fisioterapia en Legan&eacute;s","url":"https:\/\/kinemedes-jhloay7c69.live-website.com\/","logo":{"@type":"ImageObject","inLanguage":"es","@id":"https:\/\/kinemedes-jhloay7c69.live-website.com\/#\/schema\/logo\/image\/","url":"https:\/\/kinemed.es\/wp-content\/uploads\/2016\/11\/logotipo_kinemed.png","contentUrl":"https:\/\/kinemed.es\/wp-content\/uploads\/2016\/11\/logotipo_kinemed.png","width":333,"height":82,"caption":"Cl&iacute;nica de Fisioterapia en Legan&eacute;s"},"image":{"@id":"https:\/\/kinemedes-jhloay7c69.live-website.com\/#\/schema\/logo\/image\/"},"sameAs":["https:\/\/www.facebook.com\/profile.php?id=100016924636696"]}]}},"_links":{"self":[{"href":"https:\/\/kinemed.es\/index.php\/wp-json\/wp\/v2\/pages\/268","targetHints":{"allow":["GET"]}}],"collection":[{"href":"https:\/\/kinemed.es\/index.php\/wp-json\/wp\/v2\/pages"}],"about":[{"href":"https:\/\/kinemed.es\/index.php\/wp-json\/wp\/v2\/types\/page"}],"author":[{"embeddable":true,"href":"https:\/\/kinemed.es\/index.php\/wp-json\/wp\/v2\/users\/1"}],"replies":[{"embeddable":true,"href":"https:\/\/kinemed.es\/index.php\/wp-json\/wp\/v2\/comments?post=268"}],"version-history":[{"count":5,"href":"https:\/\/kinemed.es\/index.php\/wp-json\/wp\/v2\/pages\/268\/revisions"}],"predecessor-version":[{"id":278,"href":"https:\/\/kinemed.es\/index.php\/wp-json\/wp\/v2\/pages\/268\/revisions\/278"}],"wp:attachment":[{"href":"https:\/\/kinemed.es\/index.php\/wp-json\/wp\/v2\/media?parent=268"}],"curies":[{"name":"wp","href":"https:\/\/api.w.org\/{rel}","templated":true}]}}