{"id":254,"date":"2018-08-03T11:45:26","date_gmt":"2018-08-03T11:45:26","guid":{"rendered":"https:\/\/kinemed.es\/?page_id=254"},"modified":"2021-01-22T12:34:33","modified_gmt":"2021-01-22T12:34:33","slug":"aviso-legal","status":"publish","type":"page","link":"https:\/\/kinemed.es\/index.php\/aviso-legal\/","title":{"rendered":"Aviso Legal"},"content":{"rendered":"<p><span style=\"font-weight: 400;\">La presente documentaci\u00f3n de Cumplimiento LSSI-CE ha sido elaborada bajo la responsabilidad de Medina Torralbo, David, que responde de la veracidad y exactitud de las informaciones aportadas para la confecci\u00f3n de las Documentaci\u00f3n.\u00a0<\/span><\/p>\n<p><b>Aviso Legal<\/b><b>\u00a0<\/b><\/p>\n<p><span style=\"font-weight: 400;\">En cumplimiento de la Ley 34\/2002, de 11 de julio, de servicios de la sociedad de la informaci\u00f3n y de comercio electr\u00f3nico (LSSI), le informamos de que:\u00a0<\/span><\/p>\n<p><b>Medina Torralbo, David (en adelante KINEMED) con NIF <\/b><span style=\"font-weight: 400;\">es 53456692T y tiene su domicilio en C\/ HOLANDA 2, BAJO 3 28916 LEGAN\u00c9S (MADRID).\u00a0<\/span><\/p>\n<p><b>Datos de contacto:<\/b><b>\u00a0<\/b><\/p>\n<p><b>Tel\u00e9fono: <\/b><span style=\"font-weight: 400;\">910854936\u00a0<\/span><\/p>\n<p><b>E-mail: <\/b><span style=\"font-weight: 400;\">kinemed_fisioterapia@hotmail.com\u00a0<\/span><\/p>\n<p><b>Condiciones generales de uso del sitio web de KINEMED\u00a0<\/b><\/p>\n<p><span style=\"font-weight: 400;\">El nombre de dominio kinemed.es es titularidad de Medina Torralbo, David y su uso exclusivo est\u00e1 reservado a \u00e9ste.\u00a0<\/span><\/p>\n<p><span style=\"font-weight: 400;\">El portal oficial de kinemed.es, tiene por objeto facilitar al p\u00fablico, en general, el conocimiento de las actividades que esta Organizaci\u00f3n realiza y de los productos y servicios que presta en materia de fisioterapia.\u00a0<\/span><\/p>\n<p><span style=\"font-weight: 400;\">El uso de este sitio Web implica la expresa y plena aceptaci\u00f3n de las condiciones aqu\u00ed expuestas, sin perjuicio de aquellas particulares que pudieran aplicarse a algunos de los productos o servicios concretos ofrecidos a trav\u00e9s del sitio Web.\u00a0<\/span><\/p>\n<p><span style=\"font-weight: 400;\">KINEMED se reserva la facultad de efectuar, en cualquier momento y sin necesidad de previo aviso, modificaciones y actualizaciones de la informaci\u00f3n contenida en su Web o en la configuraci\u00f3n y presentaci\u00f3n de \u00e9sta.\u00a0<\/span><\/p>\n<p><span style=\"font-weight: 400;\">Con objeto de mantener actualizada la informaci\u00f3n publicada en el portal, los contenidos del mismo podr\u00e1n ser modificados, corregidos, eliminados o a\u00f1adidos en cualquier momento, por lo que ser\u00e1 conveniente comprobar la vigencia o exactitud de los mismos acudiendo a las fuentes oficiales.\u00a0<\/span><\/p>\n<p><b>Propiedad intelectual, industrial y frames\u00a0<\/b><\/p>\n<p><span style=\"font-weight: 400;\">Todos los elementos que forman el sitio Web, as\u00ed como su estructura, dise\u00f1o, c\u00f3digo fuente, as\u00ed como los logos, marcas y dem\u00e1s signos distintivos que aparecen en la misma, son titularidad de KINEMED o de sus colaboradores y est\u00e1n protegidos por los correspondientes derechos de propiedad intelectual e industrial.\u00a0<\/span><\/p>\n<p><span style=\"font-weight: 400;\">Igualmente est\u00e1n protegidos por los correspondientes derechos de propiedad intelectual e industrial las im\u00e1genes y otros elementos gr\u00e1ficos contenidos en los portales.<\/span><\/p>\n<p><span style=\"font-weight: 400;\">KINEMED proh\u00edbe expresamente la realizaci\u00f3n de \u201cframings\u201d o la utilizaci\u00f3n por parte de terceros de cualesquiera otros mecanismos que alteren el dise\u00f1o, configuraci\u00f3n original o contenidos de nuestros portales.\u00a0<\/span><\/p>\n<p><span style=\"font-weight: 400;\">El uso de los contenidos deber\u00e1 respetar su licenciamiento particular. De tal modo su uso, reproducci\u00f3n, distribuci\u00f3n, comunicaci\u00f3n p\u00fablica, transformaci\u00f3n o cualquier otra actividad similar o an\u00e1loga, queda totalmente prohibida salvo que medie previa y expresa autorizaci\u00f3n de KINEMED.\u00a0<\/span><\/p>\n<p><span style=\"font-weight: 400;\">Respecto a las citas de noticias, productos y servicios de terceros, que puedan aparecer en la Web, KINEMED reconoce a favor de sus titulares los correspondientes derechos de propiedad industrial e intelectual, no implicando su sola menci\u00f3n o aparici\u00f3n en la Web la existencia de derechos ni de responsabilidad alguna sobre los mismos, como tampoco respaldo, patrocinio o recomendaci\u00f3n.\u00a0<\/span><\/p>\n<p><span style=\"font-weight: 400;\">KINEMED declara su respeto a los derechos de propiedad intelectual e industrial de terceros; por ello, si considera que nuestros portales pudieran estar violando sus derechos, rogamos se ponga en contacto con KINEMED.\u00a0<\/span><\/p>\n<p><b>Responsabilidad<\/b><b>\u00a0<\/b><\/p>\n<p><span style=\"font-weight: 400;\">KINEMED no garantiza la inexistencia de errores en el acceso a la Web, en su contenido, ni que \u00e9ste se encuentre actualizado, aunque KINEMED desarrollar\u00e1 sus mejores esfuerzos para, en su caso, evitarlos, subsanarlos o actualizarlos.\u00a0<\/span><\/p>\n<p><span style=\"font-weight: 400;\">Tanto el acceso a los portales de KINEMED como el uso que pueda hacerse de la informaci\u00f3n contenida en los mismos es de la exclusiva responsabilidad de quien lo realiza.\u00a0<\/span><\/p>\n<p><span style=\"font-weight: 400;\">KINEMED no se hace responsable de los posibles errores de seguridad que se puedan producir ni de los posibles da\u00f1os que puedan causarse al sistema inform\u00e1tico del Usuario (<\/span><i><span style=\"font-weight: 400;\">hardware <\/span><\/i><span style=\"font-weight: 400;\">y <\/span><i><span style=\"font-weight: 400;\">software<\/span><\/i><span style=\"font-weight: 400;\">), los ficheros o documentos almacenados en el mismo, como consecuencia de la presencia de virus en el ordenador del Usuario utilizado para la conexi\u00f3n a los servicios y contenidos de la Web, de un mal funcionamiento del navegador o del uso de versiones no actualizadas del mismo.\u00a0<\/span><\/p>\n<p><span style=\"font-weight: 400;\">KINEMED no se hace responsable de la informaci\u00f3n y contenidos almacenados, a t\u00edtulo enunciativo pero no limitativo, en foros, chats, blogs, comentarios, redes sociales o cualesquiera otro medio que permita a terceros publicar contenidos de forma independiente en la p\u00e1gina web de KINEMED.\u00a0<\/span><\/p>\n<p><span style=\"font-weight: 400;\">No obstante y en cumplimiento de lo dispuesto en la LSSI, KINEMED se pone a disposici\u00f3n de todos los usuarios, autoridades y fuerzas de seguridad, y colaborando de forma activa en la retirada o en su caso bloqueo de todos aquellos contenidos que pudieran afectar o contravenir la legislaci\u00f3n nacional, o internacional, derechos de terceros o la moral y el orden p\u00fablico. En caso de que el usuario considere que existe en el sitio web alg\u00fan contenido que pudiera ser susceptible de esta clasificaci\u00f3n, rogamos se ponga en contacto con KINEMED.\u00a0<\/span><\/p>\n<p><b>Links o hiperenlaces<\/b><b>\u00a0<\/b><\/p>\n<p><span style=\"font-weight: 400;\">La Web puede contener enlaces a contenidos que dirijan a contenidos Web de terceros. El<\/span><\/p>\n<p><span style=\"font-weight: 400;\">objetivo de dichos enlaces es \u00fanicamente facilitarle la b\u00fasqueda de los recursos que le puedan interesar a trav\u00e9s de Internet. No obstante, dichas p\u00e1ginas no pertenecen a KINEMED, ni hace una revisi\u00f3n de sus contenidos y, por ello, KINEMED no asume ninguna responsabilidad por el contenido, informaciones o servicios que pudieran aparecer en dichos sitios, que tendr\u00e1n exclusivamente car\u00e1cter informativo y que en ning\u00fan caso implican relaci\u00f3n alguna entre KINEMED y a las personas o entidades titulares de tales contenidos o titulares de los sitios donde se encuentren. KINEMED tampoco puede hacerse responsable del funcionamiento de la p\u00e1gina enlazada o de los posibles da\u00f1os que puedan derivarse del acceso o uso de la misma.\u00a0<\/span><\/p>\n<p><span style=\"font-weight: 400;\">Los enlaces a la web de KINEMED deber\u00e1n respetar las siguientes condiciones:\u00a0<\/span><\/p>\n<ol>\n<li><span style=\"font-weight: 400;\">El establecimiento del enlace no supondr\u00e1 <\/span><i><span style=\"font-weight: 400;\">per se <\/span><\/i><span style=\"font-weight: 400;\">ning\u00fan tipo de acuerdo, contrato, patrocinio ni recomendaci\u00f3n por parte de KINEMED de la p\u00e1gina que realiza el enlace.\u00a0<\/span><\/li>\n<li><span style=\"font-weight: 400;\"> La p\u00e1gina web en la que se establezca el hiperenlace no contendr\u00e1 informaciones con contenidos que sean il\u00edcitos, discriminatorios, contrarios a los principios \u00e9ticos com\u00fanmente aceptados o atenten contra el orden p\u00fablico, as\u00ed como tampoco contendr\u00e1 contenidos contrarios a cualesquiera derechos de terceros.\u00a0<\/span><\/li>\n<li><span style=\"font-weight: 400;\"> KINEMED podr\u00e1 solicitar que se retire un enlace a su web, sin necesidad de alegar causa alguna. En tal caso, la p\u00e1gina que haya realizado el enlace deber\u00e1 proceder a su inmediata supresi\u00f3n, tan pronto como reciba la notificaci\u00f3n KINEMED.\u00a0<\/span><\/li>\n<li><span style=\"font-weight: 400;\"> No se responsabiliza en modo alguno ni garantiza la calidad, exactitud, fiabilidad, correcci\u00f3n o moralidad de contenidos o servicios que el establecimiento del hiperenlace pueda ofrecer. El usuario asume bajo su exclusiva responsabilidad las consecuencias, da\u00f1os o acciones que pudieran derivarse del acceso a la p\u00e1gina web del hiperenlace.\u00a0<\/span><\/li>\n<\/ol>\n<p><b>Protecci\u00f3n de Datos Personales\u00a0<\/b><\/p>\n<p><span style=\"font-weight: 400;\">KINEMED se encuentra profundamente comprometido con el cumplimiento de la normativa de protecci\u00f3n de datos de car\u00e1cter personal, y garantiza el cumplimiento \u00edntegro de las obligaciones dispuestas, as\u00ed como la implementaci\u00f3n de las medidas de seguridad apropiadas para garantizar un nivel de seguridad adecuado al riesgo.\u00a0<\/span><\/p>\n<p><span style=\"font-weight: 400;\">KINEMED pone a disposici\u00f3n de los usuarios su Pol\u00edtica de Privacidad, y le ofrece informaci\u00f3n adicional sobre el tratamiento \u201cPacientes\u201d:<\/span><\/p>\n<table>\n<tbody>\n<tr>\n<td><b>INFORMACI\u00d3N ADICIONAL SOBRE PROTECCI\u00d3N DE DATOS<\/b><\/td>\n<\/tr>\n<tr>\n<td><b>\u00bfQui\u00e9n es el Responsable del tratamiento de sus datos?<\/b><\/td>\n<\/tr>\n<\/tbody>\n<\/table>\n<table>\n<tbody>\n<tr>\n<td><b>Identidad:\u00a0<\/b><\/td>\n<td colspan=\"2\"><span style=\"font-weight: 400;\">MEDINA TORRALBO, DAVID &#8211; 53456692T<\/span><\/td>\n<\/tr>\n<tr>\n<td><b>Dir. Postal:\u00a0<\/b><\/td>\n<td colspan=\"2\"><span style=\"font-weight: 400;\">C\/ HOLANDA 2, BAJO 3, 28916 LEGANES MADRID\u00a0<\/span><\/td>\n<\/tr>\n<tr>\n<td><b>Tel\u00e9fono:\u00a0<\/b><\/td>\n<td colspan=\"2\"><span style=\"font-weight: 400;\">910854936<\/span><\/td>\n<\/tr>\n<tr>\n<td><b>Correo electr\u00f3nico:\u00a0<\/b><\/td>\n<td colspan=\"2\"><span style=\"font-weight: 400;\">david.medina1988@gmail.com<\/span><\/td>\n<\/tr>\n<tr>\n<td colspan=\"3\"><\/td>\n<\/tr>\n<tr>\n<td colspan=\"3\"><b>\u00bfCon qu\u00e9 finalidad tratamos sus datos personales?<\/b><\/td>\n<\/tr>\n<tr>\n<td colspan=\"3\"><span style=\"font-weight: 400;\">En MEDINA TORRALBO, DAVID tratamos la informaci\u00f3n que nos facilitan nuestros grupos de inter\u00e9s para los siguientes tratamientos:<\/span><\/td>\n<\/tr>\n<tr>\n<td><b>Tratamiento datos\u00a0<\/b><\/td>\n<td><b>Finalidad del tratamiento\u00a0<\/b><\/td>\n<td><b>Plazo conservaci\u00f3n datos<\/b><\/td>\n<\/tr>\n<tr>\n<td><span style=\"font-weight: 400;\">PACIENTES<\/span><\/td>\n<td><span style=\"font-weight: 400;\">GESTI\u00d3N DE CLIENTES, CONTABLE,\u00a0 FISCAL Y ADMINISTRATIVA\u00a0\u00a0<\/span><\/p>\n<p><span style=\"font-weight: 400;\">No se tomar\u00e1n decisiones\u00a0<\/span><\/p>\n<p><span style=\"font-weight: 400;\">automatizadas en base a dicho perfil.\u00a0\u00a0<\/span><\/p>\n<p><span style=\"font-weight: 400;\">GESTI\u00d3N Y CONTROL SANITARIO\u00a0 No se tomar\u00e1n decisiones\u00a0<\/span><\/p>\n<p><span style=\"font-weight: 400;\">automatizadas en base a dicho perfil.\u00a0<\/span><\/td>\n<td><span style=\"font-weight: 400;\">Los datos personales tratados se conservar\u00e1n en todo caso mientras sean necesarios para la finalidad del tratamiento, y se suprimir\u00e1n a solicitud del interesado, o una vez finalizado el tratamiento sin perjuicio de su conservaci\u00f3n por los plazos establecidos en Legislaci\u00f3n Sanitaria para atender posibles responsabilidades.<\/span><\/td>\n<\/tr>\n<tr>\n<td colspan=\"3\"><b>\u00bfCu\u00e1l es la legitimaci\u00f3n para el tratamiento de los mismos?<\/b><\/td>\n<\/tr>\n<tr>\n<td colspan=\"3\"><span style=\"font-weight: 400;\">Las bases legales para el tratamiento de datos personales en MEDINA TORRALBO, DAVID son las siguientes:<\/span><\/td>\n<\/tr>\n<tr>\n<td><b>Tratamiento datos\u00a0<\/b><\/td>\n<td colspan=\"2\"><b>Legitimaci\u00f3n tratamiento<\/b><\/td>\n<\/tr>\n<tr>\n<td><span style=\"font-weight: 400;\">PACIENTES\u00a0<\/span><\/td>\n<td colspan=\"2\"><span style=\"font-weight: 400;\">Obligacion Legal: Legislaci\u00f3n Sanitaria.De no facilitar sus datos no\u00a0 podr\u00e1 realizarse la prestaci\u00f3n pactada.<\/span><\/td>\n<\/tr>\n<tr>\n<td colspan=\"3\"><b>\u00bfA qu\u00e9 destinatarios se comunicar\u00e1n sus datos?<\/b><\/td>\n<\/tr>\n<tr>\n<td colspan=\"3\"><span style=\"font-weight: 400;\">La realizaci\u00f3n de estos tratamientos puede implicar la conexi\u00f3n de sus datos con tratamientos realizados por terceros. Le informamos a continuaci\u00f3n de las previsiones en relaci\u00f3n a la cesi\u00f3n de sus datos.<\/span><\/td>\n<\/tr>\n<\/tbody>\n<\/table>\n<table>\n<tbody>\n<tr>\n<td><b>Tratamiento datos\u00a0<\/b><\/td>\n<td><b>Previsi\u00f3n de cesiones\u00a0<\/b><\/td>\n<td><b>Transferencias\u00a0<\/b><\/p>\n<p><b>internacionales<\/b><\/td>\n<\/tr>\n<tr>\n<td><span style=\"font-weight: 400;\">PACIENTES\u00a0<\/span><\/td>\n<td><span style=\"font-weight: 400;\">Los datos se comunicar\u00e1n a :\u00a0\u00a0<\/span><\/p>\n<p><span style=\"font-weight: 400;\">ADMINISTRACI\u00d3N TRIBUTARIA\u00a0<\/span><\/td>\n<td><span style=\"font-weight: 400;\">No se transferir\u00e1n datos fuera de la UE.<\/span><\/td>\n<\/tr>\n<tr>\n<td colspan=\"3\"><b>\u00bfCu\u00e1les son sus derechos cuando nos facilita sus datos?<\/b><\/td>\n<\/tr>\n<tr>\n<td colspan=\"3\"><span style=\"font-weight: 400;\">Cualquier persona tiene derecho a obtener confirmaci\u00f3n sobre si en MEDINA TORRALBO, DAVID estamos tratando datos personales que le conciernan, o no.\u00a0<\/span><\/p>\n<p><span style=\"font-weight: 400;\">Las personas interesadas tienen derecho a acceder a sus datos personales, as\u00ed como a solicitar la rectificaci\u00f3n de los datos inexactos o, en su caso, solicitar su supresi\u00f3n cuando, entre otros motivos, los datos ya no sean necesarios para los fines para los que fueron recogidos.\u00a0<\/span><\/p>\n<p><span style=\"font-weight: 400;\">En determinadas circunstancias, los interesados podr\u00e1n solicitar la limitaci\u00f3n del tratamiento de sus datos, en cuyo caso \u00fanicamente los conservaremos para el ejercicio o defensa de reclamaciones.\u00a0<\/span><\/p>\n<p><span style=\"font-weight: 400;\">En determinadas circunstancias y por motivos relacionados con su situaci\u00f3n particular, los interesados podr\u00e1n oponerse al tratamiento de sus datos. MEDINA TORRALBO, DAVID dejar\u00e1 de tratar los datos, salvo por motivos leg\u00edtimos e imperiosos, o el ejercicio o la defensa de posibles reclamaciones.\u00a0<\/span><\/p>\n<p><span style=\"font-weight: 400;\">Asimismo, en determinadas circunstancias y cuando sea t\u00e9cnicamente posible, los interesados tienen derecho a que los datos personales se transmitan directamente a otro responsable a solicitud suya.\u00a0<\/span><\/p>\n<p><span style=\"font-weight: 400;\">Para el ejercicio de estos derechos, p\u00f3ngase en contacto con nosotros dirigiendo un escrito a:\u00a0<\/span><\/p>\n<p><span style=\"font-weight: 400;\">MEDINA TORRALBO, DAVID , C\/ HOLANDA 2, BAJO 3 28916 LEGANES MADRID , o bien por e-mail a david.medina1988@gmail.com acompa\u00f1ado de copia de su DNI.\u00a0<\/span><\/p>\n<p><span style=\"font-weight: 400;\">De igual modo, puede ponerse en contacto con la Agencia Espa\u00f1ola de Protecci\u00f3n de Datos, para formular una reclamaci\u00f3n, especialmente cuando no haya obtenido satisfacci\u00f3n en el ejercicio de sus derechos.<\/span><\/td>\n<\/tr>\n<\/tbody>\n<\/table>\n<p><b>Ley aplicable y jurisdicci\u00f3n\u00a0<\/b><\/p>\n<p><span style=\"font-weight: 400;\">La ley aplicable en caso de disputa o conflicto de interpretaci\u00f3n de los t\u00e9rminos que conforman este Aviso Legal, as\u00ed como cualquier cuesti\u00f3n relacionada con los servicios del presente Portal, ser\u00e1 la ley espa\u00f1ola.\u00a0<\/span><\/p>\n<p><span style=\"font-weight: 400;\">Para la resoluci\u00f3n de cualquier conflicto que pueda surgir con ocasi\u00f3n de la visita al Portal o del uso de los servicios que en \u00e9l se puedan ofertar, KINEMED y el Usuario acuerdan someterse a los<\/span><\/p>\n<p><span style=\"font-weight: 400;\">Jueces y Tribunales de domicilio de Medina Torralbo, David.<\/span><\/p>\n","protected":false},"excerpt":{"rendered":"<p>La presente documentaci\u00f3n de Cumplimiento LSSI-CE ha sido elaborada bajo la responsabilidad de Medina Torralbo, David, que responde de la veracidad y exactitud de las <a class=\"more-link\" href=\"https:\/\/kinemed.es\/index.php\/aviso-legal\/\">Leer M\u00e1s &#8230;<\/a><\/p>\n","protected":false},"author":1,"featured_media":0,"parent":0,"menu_order":0,"comment_status":"closed","ping_status":"closed","template":"","meta":{"footnotes":""},"class_list":["post-254","page","type-page","status-publish","hentry"],"yoast_head":"<!-- This site is optimized with the Yoast SEO plugin v27.4 - https:\/\/yoast.com\/product\/yoast-seo-wordpress\/ -->\n<title>Aviso Legal - Cl&iacute;nica de Fisioterapia en Legan&eacute;s<\/title>\n<meta name=\"robots\" content=\"index, follow, max-snippet:-1, max-image-preview:large, max-video-preview:-1\" \/>\n<link rel=\"canonical\" href=\"https:\/\/kinemedes-jhloay7c69.live-website.com\/index.php\/aviso-legal\/\" \/>\n<meta property=\"og:locale\" content=\"es_ES\" \/>\n<meta property=\"og:type\" content=\"article\" \/>\n<meta property=\"og:title\" content=\"Aviso Legal - Cl&iacute;nica de Fisioterapia en Legan&eacute;s\" \/>\n<meta property=\"og:description\" content=\"La presente documentaci\u00f3n de Cumplimiento LSSI-CE ha sido elaborada bajo la responsabilidad de Medina Torralbo, David, que responde de la veracidad y exactitud de las Leer M\u00e1s ...\" \/>\n<meta property=\"og:url\" content=\"https:\/\/kinemedes-jhloay7c69.live-website.com\/index.php\/aviso-legal\/\" \/>\n<meta property=\"og:site_name\" content=\"Cl&iacute;nica de Fisioterapia en Legan&eacute;s\" \/>\n<meta property=\"article:publisher\" content=\"https:\/\/www.facebook.com\/profile.php?id=100016924636696\" \/>\n<meta property=\"article:modified_time\" content=\"2021-01-22T12:34:33+00:00\" \/>\n<meta name=\"twitter:card\" content=\"summary_large_image\" \/>\n<meta name=\"twitter:label1\" content=\"Tiempo de lectura\" \/>\n\t<meta name=\"twitter:data1\" content=\"9 minutos\" \/>\n<script type=\"application\/ld+json\" class=\"yoast-schema-graph\">{\"@context\":\"https:\\\/\\\/schema.org\",\"@graph\":[{\"@type\":\"WebPage\",\"@id\":\"https:\\\/\\\/kinemedes-jhloay7c69.live-website.com\\\/index.php\\\/aviso-legal\\\/\",\"url\":\"https:\\\/\\\/kinemedes-jhloay7c69.live-website.com\\\/index.php\\\/aviso-legal\\\/\",\"name\":\"Aviso Legal - Cl&iacute;nica de Fisioterapia en Legan&eacute;s\",\"isPartOf\":{\"@id\":\"https:\\\/\\\/kinemedes-jhloay7c69.live-website.com\\\/#website\"},\"datePublished\":\"2018-08-03T11:45:26+00:00\",\"dateModified\":\"2021-01-22T12:34:33+00:00\",\"breadcrumb\":{\"@id\":\"https:\\\/\\\/kinemedes-jhloay7c69.live-website.com\\\/index.php\\\/aviso-legal\\\/#breadcrumb\"},\"inLanguage\":\"es\",\"potentialAction\":[{\"@type\":\"ReadAction\",\"target\":[\"https:\\\/\\\/kinemedes-jhloay7c69.live-website.com\\\/index.php\\\/aviso-legal\\\/\"]}]},{\"@type\":\"BreadcrumbList\",\"@id\":\"https:\\\/\\\/kinemedes-jhloay7c69.live-website.com\\\/index.php\\\/aviso-legal\\\/#breadcrumb\",\"itemListElement\":[{\"@type\":\"ListItem\",\"position\":1,\"name\":\"Portada\",\"item\":\"https:\\\/\\\/kinemedes-jhloay7c69.live-website.com\\\/\"},{\"@type\":\"ListItem\",\"position\":2,\"name\":\"Aviso Legal\"}]},{\"@type\":\"WebSite\",\"@id\":\"https:\\\/\\\/kinemedes-jhloay7c69.live-website.com\\\/#website\",\"url\":\"https:\\\/\\\/kinemedes-jhloay7c69.live-website.com\\\/\",\"name\":\"Cl&iacute;nica de Fisioterapia en Legan&eacute;s\",\"description\":\"Kinemed es un centro de fisioterapia y osteopat&iacute;a ubicado en Legan&eacute;s.\",\"publisher\":{\"@id\":\"https:\\\/\\\/kinemedes-jhloay7c69.live-website.com\\\/#organization\"},\"alternateName\":\"Kinemed\",\"potentialAction\":[{\"@type\":\"SearchAction\",\"target\":{\"@type\":\"EntryPoint\",\"urlTemplate\":\"https:\\\/\\\/kinemedes-jhloay7c69.live-website.com\\\/?s={search_term_string}\"},\"query-input\":{\"@type\":\"PropertyValueSpecification\",\"valueRequired\":true,\"valueName\":\"search_term_string\"}}],\"inLanguage\":\"es\"},{\"@type\":\"Organization\",\"@id\":\"https:\\\/\\\/kinemedes-jhloay7c69.live-website.com\\\/#organization\",\"name\":\"Cl&iacute;nica de Fisioterapia en Legan&eacute;s\",\"url\":\"https:\\\/\\\/kinemedes-jhloay7c69.live-website.com\\\/\",\"logo\":{\"@type\":\"ImageObject\",\"inLanguage\":\"es\",\"@id\":\"https:\\\/\\\/kinemedes-jhloay7c69.live-website.com\\\/#\\\/schema\\\/logo\\\/image\\\/\",\"url\":\"https:\\\/\\\/kinemed.es\\\/wp-content\\\/uploads\\\/2016\\\/11\\\/logotipo_kinemed.png\",\"contentUrl\":\"https:\\\/\\\/kinemed.es\\\/wp-content\\\/uploads\\\/2016\\\/11\\\/logotipo_kinemed.png\",\"width\":333,\"height\":82,\"caption\":\"Cl&iacute;nica de Fisioterapia en Legan&eacute;s\"},\"image\":{\"@id\":\"https:\\\/\\\/kinemedes-jhloay7c69.live-website.com\\\/#\\\/schema\\\/logo\\\/image\\\/\"},\"sameAs\":[\"https:\\\/\\\/www.facebook.com\\\/profile.php?id=100016924636696\"]}]}<\/script>\n<!-- \/ Yoast SEO plugin. -->","yoast_head_json":{"title":"Aviso Legal - Cl&iacute;nica de Fisioterapia en Legan&eacute;s","robots":{"index":"index","follow":"follow","max-snippet":"max-snippet:-1","max-image-preview":"max-image-preview:large","max-video-preview":"max-video-preview:-1"},"canonical":"https:\/\/kinemedes-jhloay7c69.live-website.com\/index.php\/aviso-legal\/","og_locale":"es_ES","og_type":"article","og_title":"Aviso Legal - Cl&iacute;nica de Fisioterapia en Legan&eacute;s","og_description":"La presente documentaci\u00f3n de Cumplimiento LSSI-CE ha sido elaborada bajo la responsabilidad de Medina Torralbo, David, que responde de la veracidad y exactitud de las Leer M\u00e1s ...","og_url":"https:\/\/kinemedes-jhloay7c69.live-website.com\/index.php\/aviso-legal\/","og_site_name":"Cl&iacute;nica de Fisioterapia en Legan&eacute;s","article_publisher":"https:\/\/www.facebook.com\/profile.php?id=100016924636696","article_modified_time":"2021-01-22T12:34:33+00:00","twitter_card":"summary_large_image","twitter_misc":{"Tiempo de lectura":"9 minutos"},"schema":{"@context":"https:\/\/schema.org","@graph":[{"@type":"WebPage","@id":"https:\/\/kinemedes-jhloay7c69.live-website.com\/index.php\/aviso-legal\/","url":"https:\/\/kinemedes-jhloay7c69.live-website.com\/index.php\/aviso-legal\/","name":"Aviso Legal - Cl&iacute;nica de Fisioterapia en Legan&eacute;s","isPartOf":{"@id":"https:\/\/kinemedes-jhloay7c69.live-website.com\/#website"},"datePublished":"2018-08-03T11:45:26+00:00","dateModified":"2021-01-22T12:34:33+00:00","breadcrumb":{"@id":"https:\/\/kinemedes-jhloay7c69.live-website.com\/index.php\/aviso-legal\/#breadcrumb"},"inLanguage":"es","potentialAction":[{"@type":"ReadAction","target":["https:\/\/kinemedes-jhloay7c69.live-website.com\/index.php\/aviso-legal\/"]}]},{"@type":"BreadcrumbList","@id":"https:\/\/kinemedes-jhloay7c69.live-website.com\/index.php\/aviso-legal\/#breadcrumb","itemListElement":[{"@type":"ListItem","position":1,"name":"Portada","item":"https:\/\/kinemedes-jhloay7c69.live-website.com\/"},{"@type":"ListItem","position":2,"name":"Aviso Legal"}]},{"@type":"WebSite","@id":"https:\/\/kinemedes-jhloay7c69.live-website.com\/#website","url":"https:\/\/kinemedes-jhloay7c69.live-website.com\/","name":"Cl&iacute;nica de Fisioterapia en Legan&eacute;s","description":"Kinemed es un centro de fisioterapia y osteopat&iacute;a ubicado en Legan&eacute;s.","publisher":{"@id":"https:\/\/kinemedes-jhloay7c69.live-website.com\/#organization"},"alternateName":"Kinemed","potentialAction":[{"@type":"SearchAction","target":{"@type":"EntryPoint","urlTemplate":"https:\/\/kinemedes-jhloay7c69.live-website.com\/?s={search_term_string}"},"query-input":{"@type":"PropertyValueSpecification","valueRequired":true,"valueName":"search_term_string"}}],"inLanguage":"es"},{"@type":"Organization","@id":"https:\/\/kinemedes-jhloay7c69.live-website.com\/#organization","name":"Cl&iacute;nica de Fisioterapia en Legan&eacute;s","url":"https:\/\/kinemedes-jhloay7c69.live-website.com\/","logo":{"@type":"ImageObject","inLanguage":"es","@id":"https:\/\/kinemedes-jhloay7c69.live-website.com\/#\/schema\/logo\/image\/","url":"https:\/\/kinemed.es\/wp-content\/uploads\/2016\/11\/logotipo_kinemed.png","contentUrl":"https:\/\/kinemed.es\/wp-content\/uploads\/2016\/11\/logotipo_kinemed.png","width":333,"height":82,"caption":"Cl&iacute;nica de Fisioterapia en Legan&eacute;s"},"image":{"@id":"https:\/\/kinemedes-jhloay7c69.live-website.com\/#\/schema\/logo\/image\/"},"sameAs":["https:\/\/www.facebook.com\/profile.php?id=100016924636696"]}]}},"_links":{"self":[{"href":"https:\/\/kinemed.es\/index.php\/wp-json\/wp\/v2\/pages\/254","targetHints":{"allow":["GET"]}}],"collection":[{"href":"https:\/\/kinemed.es\/index.php\/wp-json\/wp\/v2\/pages"}],"about":[{"href":"https:\/\/kinemed.es\/index.php\/wp-json\/wp\/v2\/types\/page"}],"author":[{"embeddable":true,"href":"https:\/\/kinemed.es\/index.php\/wp-json\/wp\/v2\/users\/1"}],"replies":[{"embeddable":true,"href":"https:\/\/kinemed.es\/index.php\/wp-json\/wp\/v2\/comments?post=254"}],"version-history":[{"count":2,"href":"https:\/\/kinemed.es\/index.php\/wp-json\/wp\/v2\/pages\/254\/revisions"}],"predecessor-version":[{"id":381,"href":"https:\/\/kinemed.es\/index.php\/wp-json\/wp\/v2\/pages\/254\/revisions\/381"}],"wp:attachment":[{"href":"https:\/\/kinemed.es\/index.php\/wp-json\/wp\/v2\/media?parent=254"}],"curies":[{"name":"wp","href":"https:\/\/api.w.org\/{rel}","templated":true}]}}