{"id":250,"date":"2018-08-03T11:33:32","date_gmt":"2018-08-03T11:33:32","guid":{"rendered":"https:\/\/kinemed.es\/?page_id=250"},"modified":"2018-08-03T11:50:08","modified_gmt":"2018-08-03T11:50:08","slug":"proteccion-de-datos","status":"publish","type":"page","link":"https:\/\/kinemed.es\/index.php\/proteccion-de-datos\/","title":{"rendered":"Protecci\u00f3n de Datos"},"content":{"rendered":"<p><span style=\"color: #000000;\"><strong>INFORMACI\u00d3N B\u00c1SICA SOBRE PROTECCI\u00d3N DE DATOS<\/strong><\/span><\/p>\n<p>Responsable: <span style=\"color: #000000;\"><strong>David Medina Torralbo<\/strong><\/span><br \/>\nFinalidad: <span style=\"color: #000000;\">Gesti\u00f3n de su consulta\/solicitud remitida a trav\u00e9s de nuestra p\u00e1gina web<\/span><br \/>\nLegitimaci\u00f3n: <span style=\"color: #000000;\">Su consentimiento expresado por la marcaci\u00f3n del checkbox<\/span><br \/>\nDestinatarios: <span style=\"color: #000000;\">No se ceder\u00e1n datos a terceros, salvo obligaci\u00f3n legal<\/span><br \/>\nDerechos: <span style=\"color: #000000;\">Acceder, rectificar y suprimir los datos as\u00ed como otros derechos, como se explica en la informaci\u00f3n adicional<\/span><br \/>\nInformaci\u00f3n adicional: <span style=\"color: #000000;\">Puede consultar la informaci\u00f3n adicional y detallada sobre Protecci\u00f3n de Datos en www.kinemed.es<\/span><\/p>\n<hr \/>\n<p><span style=\"color: #000000;\"><strong>INFORMACI\u00d3N ADICIONAL SOBRE PROTECCI\u00d3N DE DATOS<\/strong><\/span><\/p>\n<p>-\u00bfQui\u00e9n es el Responsable del tratamiento de sus datos?<br \/>\nIdentidad: <span style=\"color: #000000;\"><strong>David Medina Torralbo<\/strong><\/span><br \/>\n-Dir. Postal: <span style=\"color: #000000;\">C\/Holanda, 2-Bj 3-28916 Legan\u00e9s (Madrid)<\/span><br \/>\n-Tel\u00e9fono: <span style=\"color: #000000;\">630185385<\/span><br \/>\n-Correo electr\u00f3nico: <span style=\"color: #000000;\">david.medina1988@gmail.com<\/span><br \/>\n-\u00bfCon qu\u00e9 finalidad tratamos sus datos personales?<br \/>\n<span style=\"color: #000000;\">En David Medina Torralbo tratamos la informaci\u00f3n que nos facilitan nuestros usuarios para atender sus consultas y comentarios, as\u00ed como en su caso mantener el contacto para informarle sobre nuestros productos\/servicios.<\/span><br \/>\n-\u00bfPor cu\u00e1nto tiempo conservaremos sus datos?<br \/>\n<span style=\"color: #000000;\">Los datos personales proporcionados se conservar\u00e1n en todo caso mientras exista una relaci\u00f3n comercial, y durante el plazo m\u00e1ximo establecido en Normativa aplicable a partir del fin de \u00e9sta.<\/span><br \/>\n-\u00bfCu\u00e1l es la legitimaci\u00f3n para el tratamiento de sus datos?<br \/>\n<span style=\"color: #000000;\">La base legal para el tratamiento de sus datos es la la prestaci\u00f3n de su consentimiento a trav\u00e9s de la marcaci\u00f3n del checkbox que Vd. podr\u00e1 revocar en cualquier momento.<\/span><br \/>\n-\u00bfA qu\u00e9 destinatarios se comunicar\u00e1n sus datos?<br \/>\n<span style=\"color: #000000;\">No se comunicar\u00e1n sus datos a terceros. No se prev\u00e9n Transferencias a terceros pa\u00edses.<\/span><br \/>\n-\u00bfCu\u00e1les son sus derechos cuando nos facilita sus datos?<br \/>\n<span style=\"color: #000000;\">Cualquier persona tiene derecho a obtener confirmaci\u00f3n sobre si en David Medina Torralbo estamos tratando datos personales que les conciernan, o no.<\/span><\/p>\n<p><span style=\"color: #000000;\">Las personas interesadas tienen derecho a acceder a sus datos personales, as\u00ed como a solicitar la rectificaci\u00f3n de los datos inexactos o, en su caso, solicitar su supresi\u00f3n cuando, entre otros motivos, los datos ya no sean necesarios para los fines para los que fueron recogidos.<\/span><\/p>\n<p><span style=\"color: #000000;\">En determinadas circunstancias, los interesados podr\u00e1n solicitar la limitaci\u00f3n del tratamiento de sus datos, en cuyo caso \u00fanicamente los conservaremos para el ejercicio o defensa de reclamaciones.<\/span><\/p>\n<p><span style=\"color: #000000;\">En determinadas circunstancias y por motivos relacionados con su situaci\u00f3n particular, los interesados podr\u00e1n oponerse al tratamiento de sus datos. David Medina Torralbo dejar\u00e1 de tratar los datos, salvo por motivos leg\u00edtimos e imperiosos, o el ejercicio o la defensa de posibles reclamaciones.<\/span><\/p>\n<p><span style=\"color: #000000;\">Asimismo, en determinadas circunstancias y cuando sea t\u00e9cnicamente posible, los interesados tienen derecho a que los datos personales se transmitan directamente a otro responsable a solicitud suya.<\/span><\/p>\n<p><span style=\"color: #000000;\">Para el ejercicio de estos derechos, p\u00f3ngase dirija un escrito a: C\/Holanda, 2-Bj3-28916 Legan\u00e9s (Madrid) david.medina1988@gmail.com, acompa\u00f1ado de copia de su DNI.<\/span><\/p>\n<p><span style=\"color: #000000;\">De igual modo, puede ponerse en contacto con la Agencia Espa\u00f1ola de Protecci\u00f3n de Datos, especialmente cuando no haya obtenido satisfacci\u00f3n en el ejercicio de sus derechos.<\/span><\/p>\n","protected":false},"excerpt":{"rendered":"<p>INFORMACI\u00d3N B\u00c1SICA SOBRE PROTECCI\u00d3N DE DATOS Responsable: David Medina Torralbo Finalidad: Gesti\u00f3n de su consulta\/solicitud remitida a trav\u00e9s de nuestra p\u00e1gina web Legitimaci\u00f3n: Su consentimiento <a class=\"more-link\" href=\"https:\/\/kinemed.es\/index.php\/proteccion-de-datos\/\">Leer M\u00e1s &#8230;<\/a><\/p>\n","protected":false},"author":1,"featured_media":0,"parent":0,"menu_order":0,"comment_status":"closed","ping_status":"closed","template":"","meta":{"footnotes":""},"class_list":["post-250","page","type-page","status-publish","hentry"],"yoast_head":"<!-- This site is optimized with the Yoast SEO plugin v27.4 - https:\/\/yoast.com\/product\/yoast-seo-wordpress\/ -->\n<title>Protecci\u00f3n de Datos - Cl&iacute;nica de Fisioterapia en Legan&eacute;s<\/title>\n<meta name=\"robots\" content=\"index, follow, max-snippet:-1, max-image-preview:large, max-video-preview:-1\" \/>\n<link rel=\"canonical\" href=\"https:\/\/kinemedes-jhloay7c69.live-website.com\/index.php\/proteccion-de-datos\/\" \/>\n<meta property=\"og:locale\" content=\"es_ES\" \/>\n<meta property=\"og:type\" content=\"article\" \/>\n<meta property=\"og:title\" content=\"Protecci\u00f3n de Datos - Cl&iacute;nica de Fisioterapia en Legan&eacute;s\" \/>\n<meta property=\"og:description\" content=\"INFORMACI\u00d3N B\u00c1SICA SOBRE PROTECCI\u00d3N DE DATOS Responsable: David Medina Torralbo Finalidad: Gesti\u00f3n de su consulta\/solicitud remitida a trav\u00e9s de nuestra p\u00e1gina web Legitimaci\u00f3n: Su consentimiento Leer M\u00e1s ...\" \/>\n<meta property=\"og:url\" content=\"https:\/\/kinemedes-jhloay7c69.live-website.com\/index.php\/proteccion-de-datos\/\" \/>\n<meta property=\"og:site_name\" content=\"Cl&iacute;nica de Fisioterapia en Legan&eacute;s\" \/>\n<meta property=\"article:publisher\" content=\"https:\/\/www.facebook.com\/profile.php?id=100016924636696\" \/>\n<meta property=\"article:modified_time\" content=\"2018-08-03T11:50:08+00:00\" \/>\n<meta name=\"twitter:card\" content=\"summary_large_image\" \/>\n<meta name=\"twitter:label1\" content=\"Tiempo de lectura\" \/>\n\t<meta name=\"twitter:data1\" content=\"3 minutos\" \/>\n<script type=\"application\/ld+json\" class=\"yoast-schema-graph\">{\"@context\":\"https:\\\/\\\/schema.org\",\"@graph\":[{\"@type\":\"WebPage\",\"@id\":\"https:\\\/\\\/kinemedes-jhloay7c69.live-website.com\\\/index.php\\\/proteccion-de-datos\\\/\",\"url\":\"https:\\\/\\\/kinemedes-jhloay7c69.live-website.com\\\/index.php\\\/proteccion-de-datos\\\/\",\"name\":\"Protecci\u00f3n de Datos - Cl&iacute;nica de Fisioterapia en Legan&eacute;s\",\"isPartOf\":{\"@id\":\"https:\\\/\\\/kinemedes-jhloay7c69.live-website.com\\\/#website\"},\"datePublished\":\"2018-08-03T11:33:32+00:00\",\"dateModified\":\"2018-08-03T11:50:08+00:00\",\"breadcrumb\":{\"@id\":\"https:\\\/\\\/kinemedes-jhloay7c69.live-website.com\\\/index.php\\\/proteccion-de-datos\\\/#breadcrumb\"},\"inLanguage\":\"es\",\"potentialAction\":[{\"@type\":\"ReadAction\",\"target\":[\"https:\\\/\\\/kinemedes-jhloay7c69.live-website.com\\\/index.php\\\/proteccion-de-datos\\\/\"]}]},{\"@type\":\"BreadcrumbList\",\"@id\":\"https:\\\/\\\/kinemedes-jhloay7c69.live-website.com\\\/index.php\\\/proteccion-de-datos\\\/#breadcrumb\",\"itemListElement\":[{\"@type\":\"ListItem\",\"position\":1,\"name\":\"Portada\",\"item\":\"https:\\\/\\\/kinemedes-jhloay7c69.live-website.com\\\/\"},{\"@type\":\"ListItem\",\"position\":2,\"name\":\"Protecci\u00f3n de Datos\"}]},{\"@type\":\"WebSite\",\"@id\":\"https:\\\/\\\/kinemedes-jhloay7c69.live-website.com\\\/#website\",\"url\":\"https:\\\/\\\/kinemedes-jhloay7c69.live-website.com\\\/\",\"name\":\"Cl&iacute;nica de Fisioterapia en Legan&eacute;s\",\"description\":\"Kinemed es un centro de fisioterapia y osteopat&iacute;a ubicado en Legan&eacute;s.\",\"publisher\":{\"@id\":\"https:\\\/\\\/kinemedes-jhloay7c69.live-website.com\\\/#organization\"},\"alternateName\":\"Kinemed\",\"potentialAction\":[{\"@type\":\"SearchAction\",\"target\":{\"@type\":\"EntryPoint\",\"urlTemplate\":\"https:\\\/\\\/kinemedes-jhloay7c69.live-website.com\\\/?s={search_term_string}\"},\"query-input\":{\"@type\":\"PropertyValueSpecification\",\"valueRequired\":true,\"valueName\":\"search_term_string\"}}],\"inLanguage\":\"es\"},{\"@type\":\"Organization\",\"@id\":\"https:\\\/\\\/kinemedes-jhloay7c69.live-website.com\\\/#organization\",\"name\":\"Cl&iacute;nica de Fisioterapia en Legan&eacute;s\",\"url\":\"https:\\\/\\\/kinemedes-jhloay7c69.live-website.com\\\/\",\"logo\":{\"@type\":\"ImageObject\",\"inLanguage\":\"es\",\"@id\":\"https:\\\/\\\/kinemedes-jhloay7c69.live-website.com\\\/#\\\/schema\\\/logo\\\/image\\\/\",\"url\":\"https:\\\/\\\/kinemed.es\\\/wp-content\\\/uploads\\\/2016\\\/11\\\/logotipo_kinemed.png\",\"contentUrl\":\"https:\\\/\\\/kinemed.es\\\/wp-content\\\/uploads\\\/2016\\\/11\\\/logotipo_kinemed.png\",\"width\":333,\"height\":82,\"caption\":\"Cl&iacute;nica de Fisioterapia en Legan&eacute;s\"},\"image\":{\"@id\":\"https:\\\/\\\/kinemedes-jhloay7c69.live-website.com\\\/#\\\/schema\\\/logo\\\/image\\\/\"},\"sameAs\":[\"https:\\\/\\\/www.facebook.com\\\/profile.php?id=100016924636696\"]}]}<\/script>\n<!-- \/ Yoast SEO plugin. -->","yoast_head_json":{"title":"Protecci\u00f3n de Datos - Cl&iacute;nica de Fisioterapia en Legan&eacute;s","robots":{"index":"index","follow":"follow","max-snippet":"max-snippet:-1","max-image-preview":"max-image-preview:large","max-video-preview":"max-video-preview:-1"},"canonical":"https:\/\/kinemedes-jhloay7c69.live-website.com\/index.php\/proteccion-de-datos\/","og_locale":"es_ES","og_type":"article","og_title":"Protecci\u00f3n de Datos - Cl&iacute;nica de Fisioterapia en Legan&eacute;s","og_description":"INFORMACI\u00d3N B\u00c1SICA SOBRE PROTECCI\u00d3N DE DATOS Responsable: David Medina Torralbo Finalidad: Gesti\u00f3n de su consulta\/solicitud remitida a trav\u00e9s de nuestra p\u00e1gina web Legitimaci\u00f3n: Su consentimiento Leer M\u00e1s ...","og_url":"https:\/\/kinemedes-jhloay7c69.live-website.com\/index.php\/proteccion-de-datos\/","og_site_name":"Cl&iacute;nica de Fisioterapia en Legan&eacute;s","article_publisher":"https:\/\/www.facebook.com\/profile.php?id=100016924636696","article_modified_time":"2018-08-03T11:50:08+00:00","twitter_card":"summary_large_image","twitter_misc":{"Tiempo de lectura":"3 minutos"},"schema":{"@context":"https:\/\/schema.org","@graph":[{"@type":"WebPage","@id":"https:\/\/kinemedes-jhloay7c69.live-website.com\/index.php\/proteccion-de-datos\/","url":"https:\/\/kinemedes-jhloay7c69.live-website.com\/index.php\/proteccion-de-datos\/","name":"Protecci\u00f3n de Datos - Cl&iacute;nica de Fisioterapia en Legan&eacute;s","isPartOf":{"@id":"https:\/\/kinemedes-jhloay7c69.live-website.com\/#website"},"datePublished":"2018-08-03T11:33:32+00:00","dateModified":"2018-08-03T11:50:08+00:00","breadcrumb":{"@id":"https:\/\/kinemedes-jhloay7c69.live-website.com\/index.php\/proteccion-de-datos\/#breadcrumb"},"inLanguage":"es","potentialAction":[{"@type":"ReadAction","target":["https:\/\/kinemedes-jhloay7c69.live-website.com\/index.php\/proteccion-de-datos\/"]}]},{"@type":"BreadcrumbList","@id":"https:\/\/kinemedes-jhloay7c69.live-website.com\/index.php\/proteccion-de-datos\/#breadcrumb","itemListElement":[{"@type":"ListItem","position":1,"name":"Portada","item":"https:\/\/kinemedes-jhloay7c69.live-website.com\/"},{"@type":"ListItem","position":2,"name":"Protecci\u00f3n de Datos"}]},{"@type":"WebSite","@id":"https:\/\/kinemedes-jhloay7c69.live-website.com\/#website","url":"https:\/\/kinemedes-jhloay7c69.live-website.com\/","name":"Cl&iacute;nica de Fisioterapia en Legan&eacute;s","description":"Kinemed es un centro de fisioterapia y osteopat&iacute;a ubicado en Legan&eacute;s.","publisher":{"@id":"https:\/\/kinemedes-jhloay7c69.live-website.com\/#organization"},"alternateName":"Kinemed","potentialAction":[{"@type":"SearchAction","target":{"@type":"EntryPoint","urlTemplate":"https:\/\/kinemedes-jhloay7c69.live-website.com\/?s={search_term_string}"},"query-input":{"@type":"PropertyValueSpecification","valueRequired":true,"valueName":"search_term_string"}}],"inLanguage":"es"},{"@type":"Organization","@id":"https:\/\/kinemedes-jhloay7c69.live-website.com\/#organization","name":"Cl&iacute;nica de Fisioterapia en Legan&eacute;s","url":"https:\/\/kinemedes-jhloay7c69.live-website.com\/","logo":{"@type":"ImageObject","inLanguage":"es","@id":"https:\/\/kinemedes-jhloay7c69.live-website.com\/#\/schema\/logo\/image\/","url":"https:\/\/kinemed.es\/wp-content\/uploads\/2016\/11\/logotipo_kinemed.png","contentUrl":"https:\/\/kinemed.es\/wp-content\/uploads\/2016\/11\/logotipo_kinemed.png","width":333,"height":82,"caption":"Cl&iacute;nica de Fisioterapia en Legan&eacute;s"},"image":{"@id":"https:\/\/kinemedes-jhloay7c69.live-website.com\/#\/schema\/logo\/image\/"},"sameAs":["https:\/\/www.facebook.com\/profile.php?id=100016924636696"]}]}},"_links":{"self":[{"href":"https:\/\/kinemed.es\/index.php\/wp-json\/wp\/v2\/pages\/250","targetHints":{"allow":["GET"]}}],"collection":[{"href":"https:\/\/kinemed.es\/index.php\/wp-json\/wp\/v2\/pages"}],"about":[{"href":"https:\/\/kinemed.es\/index.php\/wp-json\/wp\/v2\/types\/page"}],"author":[{"embeddable":true,"href":"https:\/\/kinemed.es\/index.php\/wp-json\/wp\/v2\/users\/1"}],"replies":[{"embeddable":true,"href":"https:\/\/kinemed.es\/index.php\/wp-json\/wp\/v2\/comments?post=250"}],"version-history":[{"count":3,"href":"https:\/\/kinemed.es\/index.php\/wp-json\/wp\/v2\/pages\/250\/revisions"}],"predecessor-version":[{"id":253,"href":"https:\/\/kinemed.es\/index.php\/wp-json\/wp\/v2\/pages\/250\/revisions\/253"}],"wp:attachment":[{"href":"https:\/\/kinemed.es\/index.php\/wp-json\/wp\/v2\/media?parent=250"}],"curies":[{"name":"wp","href":"https:\/\/api.w.org\/{rel}","templated":true}]}}