{"id":24,"date":"2016-11-14T18:08:46","date_gmt":"2016-11-14T18:08:46","guid":{"rendered":"https:\/\/kinemed.es\/?page_id=24"},"modified":"2017-03-31T16:15:00","modified_gmt":"2017-03-31T16:15:00","slug":"tratamientos","status":"publish","type":"page","link":"https:\/\/kinemed.es\/index.php\/tratamientos\/","title":{"rendered":"Tratamientos"},"content":{"rendered":"<p><span style=\"color: #000000;\">En nuestra\u00a0cl\u00ednica <strong>Kinemed Fisioterapia<\/strong>, los\u00a0clientes pueden encontrar un amplio abanico de servicios. Todos los tratamientos ofrecidos son realizados por un fisioterapeuta y oste\u00f3pata con\u00a0una gran experiencia; siempre apoy\u00e1ndose en\u00a0la tecnolog\u00eda m\u00e1s avanzada disponible.<\/span><\/p>\n<p><img fetchpriority=\"high\" decoding=\"async\" class=\"alignnone size-full wp-image-212\" src=\"https:\/\/kinemed.es\/wp-content\/uploads\/2016\/11\/imagen_fisioterapia_1.jpg\" alt=\"Tratamiento de fisioterapia y Osteopat\u00eda\" width=\"1181\" height=\"573\" srcset=\"https:\/\/kinemed.es\/wp-content\/uploads\/2016\/11\/imagen_fisioterapia_1.jpg 1181w, https:\/\/kinemed.es\/wp-content\/uploads\/2016\/11\/imagen_fisioterapia_1-300x146.jpg 300w, https:\/\/kinemed.es\/wp-content\/uploads\/2016\/11\/imagen_fisioterapia_1-768x373.jpg 768w, https:\/\/kinemed.es\/wp-content\/uploads\/2016\/11\/imagen_fisioterapia_1-1024x497.jpg 1024w\" sizes=\"(max-width: 1181px) 100vw, 1181px\" \/><\/p>\n<h2><span style=\"color: #000000;\"><strong>NUESTROS TRATAMIENTOS<\/strong><\/span><\/h2>\n<hr \/>\n<h3><span style=\"color: #000000;\">&gt;FISIOTERAPIA<\/span><\/h3>\n<p><span style=\"color: #000000;\"><strong>La Fisioterapia es el arte y la ciencia para el tratamiento del cuerpo humano y sus dolencias f\u00edsicas<\/strong>. Su objetivo es prevenir, curar, recuperar y readaptar algunas disfunciones, ya sean dolores o lesiones, en\u00a0pr\u00e1cticamente todo los sistemas del cuerpo.<\/span><\/p>\n<p><span style=\"color: #000000;\">La Fisioterapia como ciencia, se define como el\u00a0tratamiento de todo tipo de lesiones: <em>traumatolog\u00eda, reumatolog\u00eda, neurolog\u00eda, cardiorespiratoria, etc<\/em>. Nuestro equipo de profesionales, con <strong>David Medina<\/strong> a la cabeza, es especialista en la aplicaci\u00f3n de\u00a0la Terapia Manual, pero tambi\u00e9n es importante ayudarse de\u00a0la instrumentaci\u00f3n necesaria para el mayor beneficio de nuestros clientes.<\/span><\/p>\n<p><span style=\"color: #000000;\"><strong>TERAPIA MANUAL<\/strong><\/span><br \/>\n<span style=\"color: #000000;\"> En <strong>KINEMED FISIOTERAPIA<\/strong>\u00a0creemos en el poder de las manos. Nuestros tratamientos de <strong>Terapia Manual<\/strong> realizados por nuestros fisioterapeutas profesionales ayudar\u00e1n a mejorar la <strong>CALIDAD y EFECTIVIDAD<\/strong> de los tratamientos espec\u00edficos.<\/span><\/p>\n<hr \/>\n<p><img decoding=\"async\" class=\"alignnone size-full wp-image-214\" src=\"https:\/\/kinemed.es\/wp-content\/uploads\/2017\/03\/kinemed_pilates_ok.jpg\" alt=\"Clases de Pilates en Kinemed\" width=\"1181\" height=\"573\" srcset=\"https:\/\/kinemed.es\/wp-content\/uploads\/2017\/03\/kinemed_pilates_ok.jpg 1181w, https:\/\/kinemed.es\/wp-content\/uploads\/2017\/03\/kinemed_pilates_ok-300x146.jpg 300w, https:\/\/kinemed.es\/wp-content\/uploads\/2017\/03\/kinemed_pilates_ok-768x373.jpg 768w, https:\/\/kinemed.es\/wp-content\/uploads\/2017\/03\/kinemed_pilates_ok-1024x497.jpg 1024w\" sizes=\"(max-width: 1181px) 100vw, 1181px\" \/><\/p>\n<h3><span style=\"color: #000000;\">&gt;PILATES<\/span><\/h3>\n<p><span style=\"color: #000000;\">El <strong>Pilates<\/strong> es un m\u00e9todo desarrollado a partir de varias especialidades, tales como <em>la Gimnasia, el Yoga, Traumatolog\u00eda, etc.<\/em> Esta t\u00e9cnica se utiliza para un <strong>\u00f3ptimo acondicionamiento f\u00edsico y mental a trav\u00e9s de ejercicios posturales y movimientos musculares<\/strong>, donde el <strong>control mental, la fuerza y la respiraci\u00f3n<\/strong> juegan un papel fundamental.<\/span><\/p>\n<p><span style=\"color: #000000;\">En nuestra <strong>cl\u00ednica Kinemed Fisioterapia<\/strong> combinamos el Pilates con otros ejercicios enfocados a la propiocepci\u00f3n y\u00a0fisioterapia. Nuestras clases son impartidas por fisioterapeutas conocedores de la t\u00e9cnica adecuada para realizar una sesi\u00f3n <strong>efectiva y segura.<\/strong><\/span><\/p>\n<p><span style=\"color: #000000;\">El Pilates trabaja conjuntamente a nivel f\u00edsico la <strong>correcci\u00f3n postural del cuerpo, tonificaci\u00f3n de la musculatura, beneficio de los huesos y fortalecimiento de\u00a0la columna vertebral.<\/strong><\/span><\/p>\n<hr \/>\n<p><img decoding=\"async\" class=\"alignnone size-full wp-image-216\" src=\"https:\/\/kinemed.es\/wp-content\/uploads\/2017\/03\/osteopatia_kinemed.jpg\" alt=\"Sesi\u00f3n de osteopat\u00eda estructural\" width=\"1181\" height=\"573\" srcset=\"https:\/\/kinemed.es\/wp-content\/uploads\/2017\/03\/osteopatia_kinemed.jpg 1181w, https:\/\/kinemed.es\/wp-content\/uploads\/2017\/03\/osteopatia_kinemed-300x146.jpg 300w, https:\/\/kinemed.es\/wp-content\/uploads\/2017\/03\/osteopatia_kinemed-768x373.jpg 768w, https:\/\/kinemed.es\/wp-content\/uploads\/2017\/03\/osteopatia_kinemed-1024x497.jpg 1024w\" sizes=\"(max-width: 1181px) 100vw, 1181px\" \/><\/p>\n<h3><span style=\"color: #000000;\">&gt;OSTEOPAT\u00cdA ESTRUCTURAL<\/span><\/h3>\n<p><span style=\"color: #000000;\">La <strong>Osteopat\u00eda Estructural<\/strong> es la especialidad de la Osteopat\u00eda que <strong>diagnostica y corrige las disfunciones musculares y articulares<\/strong>. Existen diferentes t\u00e9cnicas para realizar una valoraci\u00f3n, pero siempre con un mismo objetivo: <strong>restablecer la funcionalidad adecuada a la parte del cuerpo que la haya perdido<\/strong>. De tal manera, que el resto de estructuras interrelacionadas que se hayan podido ver afectadas, tambi\u00e9n recuperen su estado \u00f3ptimo para as\u00ed conseguir una <strong>mejora a nivel global<\/strong> de todo el cuerpo.<\/span><\/p>\n<hr \/>\n<h3><img loading=\"lazy\" decoding=\"async\" class=\"alignnone size-full wp-image-218\" src=\"https:\/\/kinemed.es\/wp-content\/uploads\/2017\/03\/kinemed_acupuntura.jpg\" alt=\"Acupuntura y puntos gatillo\" width=\"1181\" height=\"573\" srcset=\"https:\/\/kinemed.es\/wp-content\/uploads\/2017\/03\/kinemed_acupuntura.jpg 1181w, https:\/\/kinemed.es\/wp-content\/uploads\/2017\/03\/kinemed_acupuntura-300x146.jpg 300w, https:\/\/kinemed.es\/wp-content\/uploads\/2017\/03\/kinemed_acupuntura-768x373.jpg 768w, https:\/\/kinemed.es\/wp-content\/uploads\/2017\/03\/kinemed_acupuntura-1024x497.jpg 1024w\" sizes=\"(max-width: 1181px) 100vw, 1181px\" \/><\/h3>\n<h3><span style=\"color: #000000;\">&gt;PUNTOS GATILLO\/PUNCI\u00d3N SECA<\/span><\/h3>\n<p><span style=\"color: #000000;\">Los <strong>puntos gatillo miofasciales<\/strong> causan un dolor localizado en la parte del m\u00fasculo lesionado y normalmente ese dolor se refleja en otras partes del cuerpo alterando su funci\u00f3n, fuerza y sensibilidad. Estos puntos gatillo pueden causar dolores de <em>tipo muscular, en articulaciones, cef\u00e1leas, etc.<\/em> Estos dolores deben ser tratados a trav\u00e9s de una t\u00e9cnica y un protocolo especializado, llevado a cabo por un especialista con los conocimientos apropiados en la materia.<\/span><\/p>\n<p><span style=\"color: #000000;\">La <strong>punci\u00f3n seca<\/strong> es una t\u00e9cnica que se realiza mediante la punci\u00f3n con agujas esterilizadas aplicadas en esos puntos gatillo para lograr su desactivaci\u00f3n.<\/span><\/p>\n<hr \/>\n<h3><img loading=\"lazy\" decoding=\"async\" class=\"alignnone size-full wp-image-221\" src=\"https:\/\/kinemed.es\/wp-content\/uploads\/2017\/03\/drenaje_linfatico_kinemed_.jpg\" alt=\"Tratamiento drenaje linf\u00e1tico\" width=\"1181\" height=\"573\" srcset=\"https:\/\/kinemed.es\/wp-content\/uploads\/2017\/03\/drenaje_linfatico_kinemed_.jpg 1181w, https:\/\/kinemed.es\/wp-content\/uploads\/2017\/03\/drenaje_linfatico_kinemed_-300x146.jpg 300w, https:\/\/kinemed.es\/wp-content\/uploads\/2017\/03\/drenaje_linfatico_kinemed_-768x373.jpg 768w, https:\/\/kinemed.es\/wp-content\/uploads\/2017\/03\/drenaje_linfatico_kinemed_-1024x497.jpg 1024w\" sizes=\"(max-width: 1181px) 100vw, 1181px\" \/><\/h3>\n<h3><span style=\"color: #000000;\">&gt;DRENAJE LINF\u00c1TICO MANUAL<\/span><\/h3>\n<p><span style=\"color: #000000;\">El <strong>Drenaje Linf\u00e1tico Manual<\/strong> es una t\u00e9cnica terap\u00e9utica que se aplica con las manos a trav\u00e9s de <strong>movimientos suaves para activar el sistema linf\u00e1tico<\/strong>, que consiste en el movimiento y desplazamiento de la <em>linfa<\/em> con el objetivo de ayudar a compensar la carencia existente, ayuda a combatir edemas, inflamaciones y retenciones de l\u00edquidos.<\/span><\/p>\n<p><span style=\"color: #000000;\">Con este tratamiento se consiguen <strong>importantes resultados<\/strong> si se aplica durante un tiempo; ya que si no es as\u00ed, sus resultados se pierden con facilidad. Cabe destacar que el Drenaje Linf\u00e1tico Manual es una buena manera de reforzar el sistema inmunol\u00f3gico.<\/span><\/p>\n<hr \/>\n<h3><img loading=\"lazy\" decoding=\"async\" class=\"alignnone size-full wp-image-223\" src=\"https:\/\/kinemed.es\/wp-content\/uploads\/2017\/03\/kinemed_vendaje_neuromuscular.jpg\" alt=\"Kinesiotapping. Vendaje neuromuscular\" width=\"1181\" height=\"573\" srcset=\"https:\/\/kinemed.es\/wp-content\/uploads\/2017\/03\/kinemed_vendaje_neuromuscular.jpg 1181w, https:\/\/kinemed.es\/wp-content\/uploads\/2017\/03\/kinemed_vendaje_neuromuscular-300x146.jpg 300w, https:\/\/kinemed.es\/wp-content\/uploads\/2017\/03\/kinemed_vendaje_neuromuscular-768x373.jpg 768w, https:\/\/kinemed.es\/wp-content\/uploads\/2017\/03\/kinemed_vendaje_neuromuscular-1024x497.jpg 1024w\" sizes=\"(max-width: 1181px) 100vw, 1181px\" \/><\/h3>\n<h3><span style=\"color: #000000;\">&gt;VENDAJE NEUROMUSCULAR<\/span><\/h3>\n<p><span style=\"color: #000000;\">El <strong>Vendaje Neuromuscular<\/strong>, tambi\u00e9n conocido como<em> &#8216;kinesiotapping&#8217;<\/em>, es una t\u00e9cnica para <strong>vendar <span class=\"Apple-style-span\">la parte del cuerpo afectada\u00a0<\/span>mediante cintas el\u00e1sticas,\u00a0<\/strong>pero sin limitar la movilidad de esa zona. Este tipo de vendaje se puede llevar durante varios d\u00edas y mojarlo sin perder su efectividad.<\/span><\/p>\n<p><span style=\"color: #000000;\">Su beneficio radica en que <strong>contribuye a aliviar el dolor y act\u00faa como si fuese una segunda piel<\/strong> en lesiones musculares, en articulaciones, ligamentos, lesiones neurol\u00f3gicas y en linfedemas. Esta t\u00e9cnica, al permitir movilidad, favorece el trabajo de propiocepci\u00f3n, ayuda a recuperar el tono muscular y con ello una aceleraci\u00f3n en el proceso de recuperaci\u00f3n.<\/span><\/p>\n<hr \/>\n<h3><img loading=\"lazy\" decoding=\"async\" class=\"alignnone size-full wp-image-225\" src=\"https:\/\/kinemed.es\/wp-content\/uploads\/2017\/03\/kinemed_vendaje_funcional.jpg\" alt=\"Vendaje funcional en esguinces, luxaciones y todo tipo de rehabilitaciones\" width=\"1181\" height=\"573\" srcset=\"https:\/\/kinemed.es\/wp-content\/uploads\/2017\/03\/kinemed_vendaje_funcional.jpg 1181w, https:\/\/kinemed.es\/wp-content\/uploads\/2017\/03\/kinemed_vendaje_funcional-300x146.jpg 300w, https:\/\/kinemed.es\/wp-content\/uploads\/2017\/03\/kinemed_vendaje_funcional-768x373.jpg 768w, https:\/\/kinemed.es\/wp-content\/uploads\/2017\/03\/kinemed_vendaje_funcional-1024x497.jpg 1024w\" sizes=\"(max-width: 1181px) 100vw, 1181px\" \/><\/h3>\n<h3><span style=\"color: #000000;\">&gt;VENDAJE FUNCIONAL<\/span><\/h3>\n<p><span style=\"color: #000000;\">El <strong>Vendaje Funcional<\/strong> se realiza usando vendas el\u00e1sticas y no el\u00e1sticas adhesivas con el objetivo de<strong> proporcionar una adecuada sujeci\u00f3n din\u00e1mica<\/strong> para proteger la estructura m\u00fasculotendinosa y\/o c\u00e1psuloligamentosa. Este tipo de vendaje ayuda a proteger y apoyar a la articulaci\u00f3n da\u00f1ada. Tambi\u00e9n ayuda a descargar las partes del cuerpo que se encuentren lesionadas, para proporcionar la mayor estabilidad posible a la vez que limita el movimiento de la articulaci\u00f3n afectada para favorecer su recuperaci\u00f3n.<\/span><\/p>\n","protected":false},"excerpt":{"rendered":"<p>En nuestra\u00a0cl\u00ednica Kinemed Fisioterapia, los\u00a0clientes pueden encontrar un amplio abanico de servicios. Todos los tratamientos ofrecidos son realizados por un fisioterapeuta y oste\u00f3pata con\u00a0una gran <a class=\"more-link\" href=\"https:\/\/kinemed.es\/index.php\/tratamientos\/\">Leer M\u00e1s &#8230;<\/a><\/p>\n","protected":false},"author":1,"featured_media":0,"parent":0,"menu_order":0,"comment_status":"closed","ping_status":"closed","template":"","meta":{"footnotes":""},"class_list":["post-24","page","type-page","status-publish","hentry"],"yoast_head":"<!-- This site is optimized with the Yoast SEO plugin v27.4 - https:\/\/yoast.com\/product\/yoast-seo-wordpress\/ -->\n<title>Tratamientos - Cl&iacute;nica de Fisioterapia en Legan&eacute;s<\/title>\n<meta name=\"robots\" content=\"index, follow, max-snippet:-1, max-image-preview:large, max-video-preview:-1\" \/>\n<link rel=\"canonical\" href=\"https:\/\/kinemedes-jhloay7c69.live-website.com\/index.php\/tratamientos\/\" \/>\n<meta property=\"og:locale\" content=\"es_ES\" \/>\n<meta property=\"og:type\" content=\"article\" \/>\n<meta property=\"og:title\" content=\"Tratamientos - Cl&iacute;nica de Fisioterapia en Legan&eacute;s\" \/>\n<meta property=\"og:description\" content=\"En nuestra\u00a0cl\u00ednica Kinemed Fisioterapia, los\u00a0clientes pueden encontrar un amplio abanico de servicios. Todos los tratamientos ofrecidos son realizados por un fisioterapeuta y oste\u00f3pata con\u00a0una gran Leer M\u00e1s ...\" \/>\n<meta property=\"og:url\" content=\"https:\/\/kinemedes-jhloay7c69.live-website.com\/index.php\/tratamientos\/\" \/>\n<meta property=\"og:site_name\" content=\"Cl&iacute;nica de Fisioterapia en Legan&eacute;s\" \/>\n<meta property=\"article:publisher\" content=\"https:\/\/www.facebook.com\/profile.php?id=100016924636696\" \/>\n<meta property=\"article:modified_time\" content=\"2017-03-31T16:15:00+00:00\" \/>\n<meta property=\"og:image\" content=\"https:\/\/kinemedes-jhloay7c69.live-website.com\/wp-content\/uploads\/2016\/11\/imagen_fisioterapia_1.jpg\" \/>\n<meta name=\"twitter:card\" content=\"summary_large_image\" \/>\n<meta name=\"twitter:label1\" content=\"Tiempo de lectura\" \/>\n\t<meta name=\"twitter:data1\" content=\"4 minutos\" \/>\n<script type=\"application\/ld+json\" class=\"yoast-schema-graph\">{\"@context\":\"https:\\\/\\\/schema.org\",\"@graph\":[{\"@type\":\"WebPage\",\"@id\":\"https:\\\/\\\/kinemedes-jhloay7c69.live-website.com\\\/index.php\\\/tratamientos\\\/\",\"url\":\"https:\\\/\\\/kinemedes-jhloay7c69.live-website.com\\\/index.php\\\/tratamientos\\\/\",\"name\":\"Tratamientos - Cl&iacute;nica de Fisioterapia en Legan&eacute;s\",\"isPartOf\":{\"@id\":\"https:\\\/\\\/kinemedes-jhloay7c69.live-website.com\\\/#website\"},\"primaryImageOfPage\":{\"@id\":\"https:\\\/\\\/kinemedes-jhloay7c69.live-website.com\\\/index.php\\\/tratamientos\\\/#primaryimage\"},\"image\":{\"@id\":\"https:\\\/\\\/kinemedes-jhloay7c69.live-website.com\\\/index.php\\\/tratamientos\\\/#primaryimage\"},\"thumbnailUrl\":\"https:\\\/\\\/kinemed.es\\\/wp-content\\\/uploads\\\/2016\\\/11\\\/imagen_fisioterapia_1.jpg\",\"datePublished\":\"2016-11-14T18:08:46+00:00\",\"dateModified\":\"2017-03-31T16:15:00+00:00\",\"breadcrumb\":{\"@id\":\"https:\\\/\\\/kinemedes-jhloay7c69.live-website.com\\\/index.php\\\/tratamientos\\\/#breadcrumb\"},\"inLanguage\":\"es\",\"potentialAction\":[{\"@type\":\"ReadAction\",\"target\":[\"https:\\\/\\\/kinemedes-jhloay7c69.live-website.com\\\/index.php\\\/tratamientos\\\/\"]}]},{\"@type\":\"ImageObject\",\"inLanguage\":\"es\",\"@id\":\"https:\\\/\\\/kinemedes-jhloay7c69.live-website.com\\\/index.php\\\/tratamientos\\\/#primaryimage\",\"url\":\"https:\\\/\\\/kinemed.es\\\/wp-content\\\/uploads\\\/2016\\\/11\\\/imagen_fisioterapia_1.jpg\",\"contentUrl\":\"https:\\\/\\\/kinemed.es\\\/wp-content\\\/uploads\\\/2016\\\/11\\\/imagen_fisioterapia_1.jpg\",\"width\":1181,\"height\":573,\"caption\":\"Tratamiento de fisioterapia y Osteopat\u00eda\"},{\"@type\":\"BreadcrumbList\",\"@id\":\"https:\\\/\\\/kinemedes-jhloay7c69.live-website.com\\\/index.php\\\/tratamientos\\\/#breadcrumb\",\"itemListElement\":[{\"@type\":\"ListItem\",\"position\":1,\"name\":\"Portada\",\"item\":\"https:\\\/\\\/kinemedes-jhloay7c69.live-website.com\\\/\"},{\"@type\":\"ListItem\",\"position\":2,\"name\":\"Tratamientos\"}]},{\"@type\":\"WebSite\",\"@id\":\"https:\\\/\\\/kinemedes-jhloay7c69.live-website.com\\\/#website\",\"url\":\"https:\\\/\\\/kinemedes-jhloay7c69.live-website.com\\\/\",\"name\":\"Cl&iacute;nica de Fisioterapia en Legan&eacute;s\",\"description\":\"Kinemed es un centro de fisioterapia y osteopat&iacute;a ubicado en Legan&eacute;s.\",\"publisher\":{\"@id\":\"https:\\\/\\\/kinemedes-jhloay7c69.live-website.com\\\/#organization\"},\"alternateName\":\"Kinemed\",\"potentialAction\":[{\"@type\":\"SearchAction\",\"target\":{\"@type\":\"EntryPoint\",\"urlTemplate\":\"https:\\\/\\\/kinemedes-jhloay7c69.live-website.com\\\/?s={search_term_string}\"},\"query-input\":{\"@type\":\"PropertyValueSpecification\",\"valueRequired\":true,\"valueName\":\"search_term_string\"}}],\"inLanguage\":\"es\"},{\"@type\":\"Organization\",\"@id\":\"https:\\\/\\\/kinemedes-jhloay7c69.live-website.com\\\/#organization\",\"name\":\"Cl&iacute;nica de Fisioterapia en Legan&eacute;s\",\"url\":\"https:\\\/\\\/kinemedes-jhloay7c69.live-website.com\\\/\",\"logo\":{\"@type\":\"ImageObject\",\"inLanguage\":\"es\",\"@id\":\"https:\\\/\\\/kinemedes-jhloay7c69.live-website.com\\\/#\\\/schema\\\/logo\\\/image\\\/\",\"url\":\"https:\\\/\\\/kinemed.es\\\/wp-content\\\/uploads\\\/2016\\\/11\\\/logotipo_kinemed.png\",\"contentUrl\":\"https:\\\/\\\/kinemed.es\\\/wp-content\\\/uploads\\\/2016\\\/11\\\/logotipo_kinemed.png\",\"width\":333,\"height\":82,\"caption\":\"Cl&iacute;nica de Fisioterapia en Legan&eacute;s\"},\"image\":{\"@id\":\"https:\\\/\\\/kinemedes-jhloay7c69.live-website.com\\\/#\\\/schema\\\/logo\\\/image\\\/\"},\"sameAs\":[\"https:\\\/\\\/www.facebook.com\\\/profile.php?id=100016924636696\"]}]}<\/script>\n<!-- \/ Yoast SEO plugin. -->","yoast_head_json":{"title":"Tratamientos - Cl&iacute;nica de Fisioterapia en Legan&eacute;s","robots":{"index":"index","follow":"follow","max-snippet":"max-snippet:-1","max-image-preview":"max-image-preview:large","max-video-preview":"max-video-preview:-1"},"canonical":"https:\/\/kinemedes-jhloay7c69.live-website.com\/index.php\/tratamientos\/","og_locale":"es_ES","og_type":"article","og_title":"Tratamientos - Cl&iacute;nica de Fisioterapia en Legan&eacute;s","og_description":"En nuestra\u00a0cl\u00ednica Kinemed Fisioterapia, los\u00a0clientes pueden encontrar un amplio abanico de servicios. Todos los tratamientos ofrecidos son realizados por un fisioterapeuta y oste\u00f3pata con\u00a0una gran Leer M\u00e1s ...","og_url":"https:\/\/kinemedes-jhloay7c69.live-website.com\/index.php\/tratamientos\/","og_site_name":"Cl&iacute;nica de Fisioterapia en Legan&eacute;s","article_publisher":"https:\/\/www.facebook.com\/profile.php?id=100016924636696","article_modified_time":"2017-03-31T16:15:00+00:00","og_image":[{"url":"https:\/\/kinemedes-jhloay7c69.live-website.com\/wp-content\/uploads\/2016\/11\/imagen_fisioterapia_1.jpg","type":"","width":"","height":""}],"twitter_card":"summary_large_image","twitter_misc":{"Tiempo de lectura":"4 minutos"},"schema":{"@context":"https:\/\/schema.org","@graph":[{"@type":"WebPage","@id":"https:\/\/kinemedes-jhloay7c69.live-website.com\/index.php\/tratamientos\/","url":"https:\/\/kinemedes-jhloay7c69.live-website.com\/index.php\/tratamientos\/","name":"Tratamientos - Cl&iacute;nica de Fisioterapia en Legan&eacute;s","isPartOf":{"@id":"https:\/\/kinemedes-jhloay7c69.live-website.com\/#website"},"primaryImageOfPage":{"@id":"https:\/\/kinemedes-jhloay7c69.live-website.com\/index.php\/tratamientos\/#primaryimage"},"image":{"@id":"https:\/\/kinemedes-jhloay7c69.live-website.com\/index.php\/tratamientos\/#primaryimage"},"thumbnailUrl":"https:\/\/kinemed.es\/wp-content\/uploads\/2016\/11\/imagen_fisioterapia_1.jpg","datePublished":"2016-11-14T18:08:46+00:00","dateModified":"2017-03-31T16:15:00+00:00","breadcrumb":{"@id":"https:\/\/kinemedes-jhloay7c69.live-website.com\/index.php\/tratamientos\/#breadcrumb"},"inLanguage":"es","potentialAction":[{"@type":"ReadAction","target":["https:\/\/kinemedes-jhloay7c69.live-website.com\/index.php\/tratamientos\/"]}]},{"@type":"ImageObject","inLanguage":"es","@id":"https:\/\/kinemedes-jhloay7c69.live-website.com\/index.php\/tratamientos\/#primaryimage","url":"https:\/\/kinemed.es\/wp-content\/uploads\/2016\/11\/imagen_fisioterapia_1.jpg","contentUrl":"https:\/\/kinemed.es\/wp-content\/uploads\/2016\/11\/imagen_fisioterapia_1.jpg","width":1181,"height":573,"caption":"Tratamiento de fisioterapia y Osteopat\u00eda"},{"@type":"BreadcrumbList","@id":"https:\/\/kinemedes-jhloay7c69.live-website.com\/index.php\/tratamientos\/#breadcrumb","itemListElement":[{"@type":"ListItem","position":1,"name":"Portada","item":"https:\/\/kinemedes-jhloay7c69.live-website.com\/"},{"@type":"ListItem","position":2,"name":"Tratamientos"}]},{"@type":"WebSite","@id":"https:\/\/kinemedes-jhloay7c69.live-website.com\/#website","url":"https:\/\/kinemedes-jhloay7c69.live-website.com\/","name":"Cl&iacute;nica de Fisioterapia en Legan&eacute;s","description":"Kinemed es un centro de fisioterapia y osteopat&iacute;a ubicado en Legan&eacute;s.","publisher":{"@id":"https:\/\/kinemedes-jhloay7c69.live-website.com\/#organization"},"alternateName":"Kinemed","potentialAction":[{"@type":"SearchAction","target":{"@type":"EntryPoint","urlTemplate":"https:\/\/kinemedes-jhloay7c69.live-website.com\/?s={search_term_string}"},"query-input":{"@type":"PropertyValueSpecification","valueRequired":true,"valueName":"search_term_string"}}],"inLanguage":"es"},{"@type":"Organization","@id":"https:\/\/kinemedes-jhloay7c69.live-website.com\/#organization","name":"Cl&iacute;nica de Fisioterapia en Legan&eacute;s","url":"https:\/\/kinemedes-jhloay7c69.live-website.com\/","logo":{"@type":"ImageObject","inLanguage":"es","@id":"https:\/\/kinemedes-jhloay7c69.live-website.com\/#\/schema\/logo\/image\/","url":"https:\/\/kinemed.es\/wp-content\/uploads\/2016\/11\/logotipo_kinemed.png","contentUrl":"https:\/\/kinemed.es\/wp-content\/uploads\/2016\/11\/logotipo_kinemed.png","width":333,"height":82,"caption":"Cl&iacute;nica de Fisioterapia en Legan&eacute;s"},"image":{"@id":"https:\/\/kinemedes-jhloay7c69.live-website.com\/#\/schema\/logo\/image\/"},"sameAs":["https:\/\/www.facebook.com\/profile.php?id=100016924636696"]}]}},"_links":{"self":[{"href":"https:\/\/kinemed.es\/index.php\/wp-json\/wp\/v2\/pages\/24","targetHints":{"allow":["GET"]}}],"collection":[{"href":"https:\/\/kinemed.es\/index.php\/wp-json\/wp\/v2\/pages"}],"about":[{"href":"https:\/\/kinemed.es\/index.php\/wp-json\/wp\/v2\/types\/page"}],"author":[{"embeddable":true,"href":"https:\/\/kinemed.es\/index.php\/wp-json\/wp\/v2\/users\/1"}],"replies":[{"embeddable":true,"href":"https:\/\/kinemed.es\/index.php\/wp-json\/wp\/v2\/comments?post=24"}],"version-history":[{"count":50,"href":"https:\/\/kinemed.es\/index.php\/wp-json\/wp\/v2\/pages\/24\/revisions"}],"predecessor-version":[{"id":227,"href":"https:\/\/kinemed.es\/index.php\/wp-json\/wp\/v2\/pages\/24\/revisions\/227"}],"wp:attachment":[{"href":"https:\/\/kinemed.es\/index.php\/wp-json\/wp\/v2\/media?parent=24"}],"curies":[{"name":"wp","href":"https:\/\/api.w.org\/{rel}","templated":true}]}}