{"id":102,"date":"2017-03-13T17:21:00","date_gmt":"2017-03-13T17:21:00","guid":{"rendered":"https:\/\/kinemed.es\/?page_id=102"},"modified":"2017-04-05T09:40:15","modified_gmt":"2017-04-05T09:40:15","slug":"nuestro-equipo","status":"publish","type":"page","link":"https:\/\/kinemed.es\/index.php\/nuestro-equipo\/","title":{"rendered":"Nuestro Equipo"},"content":{"rendered":"<h2><span style=\"color: #000000;\">FISIOTERAPIA Y OSTEOPAT\u00cdA<\/span><\/h2>\n<p><img fetchpriority=\"high\" decoding=\"async\" class=\"alignnone size-full wp-image-245\" src=\"https:\/\/kinemed.es\/wp-content\/uploads\/2017\/04\/david_medina_ok.jpg\" alt=\"David Medina: Fisioterapeuta y Oste\u00f3pata en Kinemed\" width=\"1181\" height=\"573\" srcset=\"https:\/\/kinemed.es\/wp-content\/uploads\/2017\/04\/david_medina_ok.jpg 1181w, https:\/\/kinemed.es\/wp-content\/uploads\/2017\/04\/david_medina_ok-300x146.jpg 300w, https:\/\/kinemed.es\/wp-content\/uploads\/2017\/04\/david_medina_ok-768x373.jpg 768w, https:\/\/kinemed.es\/wp-content\/uploads\/2017\/04\/david_medina_ok-1024x497.jpg 1024w\" sizes=\"(max-width: 1181px) 100vw, 1181px\" \/><\/p>\n<h2><span style=\"color: #000000;\"><strong>David Medina<\/strong> es Fisioterapeuta y Oste\u00f3pata. Principal responsable del <strong>Centro Kinemed Fisioterapia,<\/strong> que se encuentra en Legan\u00e9s (Madrid).<\/span><\/h2>\n<p><span style=\"color: #000000;\"> A continuaci\u00f3n, indicamos\u00a0algunos datos sobre su formaci\u00f3n y experiencia.<\/span><\/p>\n<ul>\n<li><span style=\"color: #000000;\"><strong>Graduado en Fisioterapia<\/strong> en 2010 por la<a style=\"color: #000000;\" href=\"http:\/\/www.uspceu.com\/\" target=\"_blank\"><em> Universidad San Pablo CEU<\/em><\/a><\/span><\/li>\n<li><span style=\"color: #000000;\"><strong>Oste\u00f3pata C.O.<\/strong> en 2016 por la <a style=\"color: #000000;\" href=\"http:\/\/www.escuelaosteopatiamadrid.com\/es\/\" target=\"_blank\">Escuela de Osteopat\u00eda de Madrid<\/a>.<\/span><\/li>\n<li><span style=\"color: #000000;\">Tambi\u00e9n es <strong>Especialista en T\u00e9cnicas de Introducci\u00f3n Miofascial Estructurales y Globales<\/strong> en 2014 (ONCE).<\/span><\/li>\n<li><span style=\"color: #000000;\">Obtuvo <strong>M\u00e1ster en T\u00e9cnicas Estructurales Osteop\u00e1ticas<\/strong> en 2013 por la <a style=\"color: #000000;\" href=\"http:\/\/www.escuelaosteopatiamadrid.com\/es\/\" target=\"_blank\">Escuela de Osteopat\u00eda de Madrid<\/a>.<\/span><\/li>\n<li><span style=\"color: #000000;\"><strong>Especialista en Acupuntura para Fisioterapia<\/strong> en 2012 (<a style=\"color: #000000;\" href=\"http:\/\/www.escuelaosteopatiamadrid.com\/es\/\" target=\"_blank\">EOM<\/a>)<\/span><\/li>\n<li><span style=\"color: #000000;\">Titulaci\u00f3n <strong>Rehabilitaci\u00f3n basada en Pilates<\/strong>, en 2011 por la <a style=\"color: #000000;\" href=\"https:\/\/www.ucm.es\/\" target=\"_blank\">Universidad Complutense de Madrid<\/a>.<\/span><\/li>\n<li><span style=\"color: #000000;\"><span style=\"color: #000000;\"><span style=\"color: #000000;\">Curso de <strong>Kinesiotapping KT1 &#8211; KT2<\/strong>, en 2011.<\/span><\/span><\/span><\/li>\n<\/ul>\n<hr \/>\n<p><img decoding=\"async\" class=\"alignnone size-full wp-image-230\" src=\"https:\/\/kinemed.es\/wp-content\/uploads\/2017\/03\/kinemed_letras_corporeas.jpg\" alt=\"Kinemed Letras Corp\u00f3reas en subida a sala de Pilates\" width=\"850\" height=\"638\" srcset=\"https:\/\/kinemed.es\/wp-content\/uploads\/2017\/03\/kinemed_letras_corporeas.jpg 850w, https:\/\/kinemed.es\/wp-content\/uploads\/2017\/03\/kinemed_letras_corporeas-300x225.jpg 300w, https:\/\/kinemed.es\/wp-content\/uploads\/2017\/03\/kinemed_letras_corporeas-768x576.jpg 768w\" sizes=\"(max-width: 850px) 100vw, 850px\" \/><\/p>\n<p><span style=\"color: #000000;\"><strong>David Medina<\/strong> adem\u00e1s trabaja\u00a0como <strong>Fisioterapeuta<\/strong>, dentro del equipo m\u00e9dico, en el <a style=\"color: #000000;\" href=\"http:\/\/www.reebokclub.com\/\" target=\"_blank\"><em><strong>Centro Reebook Sports Club de &#8216;La Finca&#8217;, en Pozuelo de Alarc\u00f3n (Madrid)<\/strong><\/em><\/a>. Junto a \u00e9l, colaboran otros profesionales del sector que completan un servicio eficaz y un trato totalmente personalizado.<\/span><\/p>\n","protected":false},"excerpt":{"rendered":"<p>FISIOTERAPIA Y OSTEOPAT\u00cdA David Medina es Fisioterapeuta y Oste\u00f3pata. Principal responsable del Centro Kinemed Fisioterapia, que se encuentra en Legan\u00e9s (Madrid). A continuaci\u00f3n, indicamos\u00a0algunos datos <a class=\"more-link\" href=\"https:\/\/kinemed.es\/index.php\/nuestro-equipo\/\">Leer M\u00e1s &#8230;<\/a><\/p>\n","protected":false},"author":1,"featured_media":0,"parent":0,"menu_order":0,"comment_status":"closed","ping_status":"closed","template":"","meta":{"footnotes":""},"class_list":["post-102","page","type-page","status-publish","hentry"],"yoast_head":"<!-- This site is optimized with the Yoast SEO plugin v27.4 - https:\/\/yoast.com\/product\/yoast-seo-wordpress\/ -->\n<title>Nuestro Equipo - Cl&iacute;nica de Fisioterapia en Legan&eacute;s<\/title>\n<meta name=\"robots\" content=\"index, follow, max-snippet:-1, max-image-preview:large, max-video-preview:-1\" \/>\n<link rel=\"canonical\" href=\"https:\/\/kinemedes-jhloay7c69.live-website.com\/index.php\/nuestro-equipo\/\" \/>\n<meta property=\"og:locale\" content=\"es_ES\" \/>\n<meta property=\"og:type\" content=\"article\" \/>\n<meta property=\"og:title\" content=\"Nuestro Equipo - Cl&iacute;nica de Fisioterapia en Legan&eacute;s\" \/>\n<meta property=\"og:description\" content=\"FISIOTERAPIA Y OSTEOPAT\u00cdA David Medina es Fisioterapeuta y Oste\u00f3pata. Principal responsable del Centro Kinemed Fisioterapia, que se encuentra en Legan\u00e9s (Madrid). A continuaci\u00f3n, indicamos\u00a0algunos datos Leer M\u00e1s ...\" \/>\n<meta property=\"og:url\" content=\"https:\/\/kinemedes-jhloay7c69.live-website.com\/index.php\/nuestro-equipo\/\" \/>\n<meta property=\"og:site_name\" content=\"Cl&iacute;nica de Fisioterapia en Legan&eacute;s\" \/>\n<meta property=\"article:publisher\" content=\"https:\/\/www.facebook.com\/profile.php?id=100016924636696\" \/>\n<meta property=\"article:modified_time\" content=\"2017-04-05T09:40:15+00:00\" \/>\n<meta property=\"og:image\" content=\"https:\/\/kinemedes-jhloay7c69.live-website.com\/wp-content\/uploads\/2017\/04\/david_medina_ok.jpg\" \/>\n<meta name=\"twitter:card\" content=\"summary_large_image\" \/>\n<meta name=\"twitter:label1\" content=\"Tiempo de lectura\" \/>\n\t<meta name=\"twitter:data1\" content=\"1 minuto\" \/>\n<script type=\"application\/ld+json\" class=\"yoast-schema-graph\">{\"@context\":\"https:\\\/\\\/schema.org\",\"@graph\":[{\"@type\":\"WebPage\",\"@id\":\"https:\\\/\\\/kinemedes-jhloay7c69.live-website.com\\\/index.php\\\/nuestro-equipo\\\/\",\"url\":\"https:\\\/\\\/kinemedes-jhloay7c69.live-website.com\\\/index.php\\\/nuestro-equipo\\\/\",\"name\":\"Nuestro Equipo - Cl&iacute;nica de Fisioterapia en Legan&eacute;s\",\"isPartOf\":{\"@id\":\"https:\\\/\\\/kinemedes-jhloay7c69.live-website.com\\\/#website\"},\"primaryImageOfPage\":{\"@id\":\"https:\\\/\\\/kinemedes-jhloay7c69.live-website.com\\\/index.php\\\/nuestro-equipo\\\/#primaryimage\"},\"image\":{\"@id\":\"https:\\\/\\\/kinemedes-jhloay7c69.live-website.com\\\/index.php\\\/nuestro-equipo\\\/#primaryimage\"},\"thumbnailUrl\":\"https:\\\/\\\/kinemed.es\\\/wp-content\\\/uploads\\\/2017\\\/04\\\/david_medina_ok.jpg\",\"datePublished\":\"2017-03-13T17:21:00+00:00\",\"dateModified\":\"2017-04-05T09:40:15+00:00\",\"breadcrumb\":{\"@id\":\"https:\\\/\\\/kinemedes-jhloay7c69.live-website.com\\\/index.php\\\/nuestro-equipo\\\/#breadcrumb\"},\"inLanguage\":\"es\",\"potentialAction\":[{\"@type\":\"ReadAction\",\"target\":[\"https:\\\/\\\/kinemedes-jhloay7c69.live-website.com\\\/index.php\\\/nuestro-equipo\\\/\"]}]},{\"@type\":\"ImageObject\",\"inLanguage\":\"es\",\"@id\":\"https:\\\/\\\/kinemedes-jhloay7c69.live-website.com\\\/index.php\\\/nuestro-equipo\\\/#primaryimage\",\"url\":\"https:\\\/\\\/kinemed.es\\\/wp-content\\\/uploads\\\/2017\\\/04\\\/david_medina_ok.jpg\",\"contentUrl\":\"https:\\\/\\\/kinemed.es\\\/wp-content\\\/uploads\\\/2017\\\/04\\\/david_medina_ok.jpg\",\"width\":1181,\"height\":573,\"caption\":\"David Medina: Fisioterapeuta y Oste\u00f3pata en Kinemed\"},{\"@type\":\"BreadcrumbList\",\"@id\":\"https:\\\/\\\/kinemedes-jhloay7c69.live-website.com\\\/index.php\\\/nuestro-equipo\\\/#breadcrumb\",\"itemListElement\":[{\"@type\":\"ListItem\",\"position\":1,\"name\":\"Portada\",\"item\":\"https:\\\/\\\/kinemedes-jhloay7c69.live-website.com\\\/\"},{\"@type\":\"ListItem\",\"position\":2,\"name\":\"Nuestro Equipo\"}]},{\"@type\":\"WebSite\",\"@id\":\"https:\\\/\\\/kinemedes-jhloay7c69.live-website.com\\\/#website\",\"url\":\"https:\\\/\\\/kinemedes-jhloay7c69.live-website.com\\\/\",\"name\":\"Cl&iacute;nica de Fisioterapia en Legan&eacute;s\",\"description\":\"Kinemed es un centro de fisioterapia y osteopat&iacute;a ubicado en Legan&eacute;s.\",\"publisher\":{\"@id\":\"https:\\\/\\\/kinemedes-jhloay7c69.live-website.com\\\/#organization\"},\"alternateName\":\"Kinemed\",\"potentialAction\":[{\"@type\":\"SearchAction\",\"target\":{\"@type\":\"EntryPoint\",\"urlTemplate\":\"https:\\\/\\\/kinemedes-jhloay7c69.live-website.com\\\/?s={search_term_string}\"},\"query-input\":{\"@type\":\"PropertyValueSpecification\",\"valueRequired\":true,\"valueName\":\"search_term_string\"}}],\"inLanguage\":\"es\"},{\"@type\":\"Organization\",\"@id\":\"https:\\\/\\\/kinemedes-jhloay7c69.live-website.com\\\/#organization\",\"name\":\"Cl&iacute;nica de Fisioterapia en Legan&eacute;s\",\"url\":\"https:\\\/\\\/kinemedes-jhloay7c69.live-website.com\\\/\",\"logo\":{\"@type\":\"ImageObject\",\"inLanguage\":\"es\",\"@id\":\"https:\\\/\\\/kinemedes-jhloay7c69.live-website.com\\\/#\\\/schema\\\/logo\\\/image\\\/\",\"url\":\"https:\\\/\\\/kinemed.es\\\/wp-content\\\/uploads\\\/2016\\\/11\\\/logotipo_kinemed.png\",\"contentUrl\":\"https:\\\/\\\/kinemed.es\\\/wp-content\\\/uploads\\\/2016\\\/11\\\/logotipo_kinemed.png\",\"width\":333,\"height\":82,\"caption\":\"Cl&iacute;nica de Fisioterapia en Legan&eacute;s\"},\"image\":{\"@id\":\"https:\\\/\\\/kinemedes-jhloay7c69.live-website.com\\\/#\\\/schema\\\/logo\\\/image\\\/\"},\"sameAs\":[\"https:\\\/\\\/www.facebook.com\\\/profile.php?id=100016924636696\"]}]}<\/script>\n<!-- \/ Yoast SEO plugin. -->","yoast_head_json":{"title":"Nuestro Equipo - Cl&iacute;nica de Fisioterapia en Legan&eacute;s","robots":{"index":"index","follow":"follow","max-snippet":"max-snippet:-1","max-image-preview":"max-image-preview:large","max-video-preview":"max-video-preview:-1"},"canonical":"https:\/\/kinemedes-jhloay7c69.live-website.com\/index.php\/nuestro-equipo\/","og_locale":"es_ES","og_type":"article","og_title":"Nuestro Equipo - Cl&iacute;nica de Fisioterapia en Legan&eacute;s","og_description":"FISIOTERAPIA Y OSTEOPAT\u00cdA David Medina es Fisioterapeuta y Oste\u00f3pata. Principal responsable del Centro Kinemed Fisioterapia, que se encuentra en Legan\u00e9s (Madrid). A continuaci\u00f3n, indicamos\u00a0algunos datos Leer M\u00e1s ...","og_url":"https:\/\/kinemedes-jhloay7c69.live-website.com\/index.php\/nuestro-equipo\/","og_site_name":"Cl&iacute;nica de Fisioterapia en Legan&eacute;s","article_publisher":"https:\/\/www.facebook.com\/profile.php?id=100016924636696","article_modified_time":"2017-04-05T09:40:15+00:00","og_image":[{"url":"https:\/\/kinemedes-jhloay7c69.live-website.com\/wp-content\/uploads\/2017\/04\/david_medina_ok.jpg","type":"","width":"","height":""}],"twitter_card":"summary_large_image","twitter_misc":{"Tiempo de lectura":"1 minuto"},"schema":{"@context":"https:\/\/schema.org","@graph":[{"@type":"WebPage","@id":"https:\/\/kinemedes-jhloay7c69.live-website.com\/index.php\/nuestro-equipo\/","url":"https:\/\/kinemedes-jhloay7c69.live-website.com\/index.php\/nuestro-equipo\/","name":"Nuestro Equipo - Cl&iacute;nica de Fisioterapia en Legan&eacute;s","isPartOf":{"@id":"https:\/\/kinemedes-jhloay7c69.live-website.com\/#website"},"primaryImageOfPage":{"@id":"https:\/\/kinemedes-jhloay7c69.live-website.com\/index.php\/nuestro-equipo\/#primaryimage"},"image":{"@id":"https:\/\/kinemedes-jhloay7c69.live-website.com\/index.php\/nuestro-equipo\/#primaryimage"},"thumbnailUrl":"https:\/\/kinemed.es\/wp-content\/uploads\/2017\/04\/david_medina_ok.jpg","datePublished":"2017-03-13T17:21:00+00:00","dateModified":"2017-04-05T09:40:15+00:00","breadcrumb":{"@id":"https:\/\/kinemedes-jhloay7c69.live-website.com\/index.php\/nuestro-equipo\/#breadcrumb"},"inLanguage":"es","potentialAction":[{"@type":"ReadAction","target":["https:\/\/kinemedes-jhloay7c69.live-website.com\/index.php\/nuestro-equipo\/"]}]},{"@type":"ImageObject","inLanguage":"es","@id":"https:\/\/kinemedes-jhloay7c69.live-website.com\/index.php\/nuestro-equipo\/#primaryimage","url":"https:\/\/kinemed.es\/wp-content\/uploads\/2017\/04\/david_medina_ok.jpg","contentUrl":"https:\/\/kinemed.es\/wp-content\/uploads\/2017\/04\/david_medina_ok.jpg","width":1181,"height":573,"caption":"David Medina: Fisioterapeuta y Oste\u00f3pata en Kinemed"},{"@type":"BreadcrumbList","@id":"https:\/\/kinemedes-jhloay7c69.live-website.com\/index.php\/nuestro-equipo\/#breadcrumb","itemListElement":[{"@type":"ListItem","position":1,"name":"Portada","item":"https:\/\/kinemedes-jhloay7c69.live-website.com\/"},{"@type":"ListItem","position":2,"name":"Nuestro Equipo"}]},{"@type":"WebSite","@id":"https:\/\/kinemedes-jhloay7c69.live-website.com\/#website","url":"https:\/\/kinemedes-jhloay7c69.live-website.com\/","name":"Cl&iacute;nica de Fisioterapia en Legan&eacute;s","description":"Kinemed es un centro de fisioterapia y osteopat&iacute;a ubicado en Legan&eacute;s.","publisher":{"@id":"https:\/\/kinemedes-jhloay7c69.live-website.com\/#organization"},"alternateName":"Kinemed","potentialAction":[{"@type":"SearchAction","target":{"@type":"EntryPoint","urlTemplate":"https:\/\/kinemedes-jhloay7c69.live-website.com\/?s={search_term_string}"},"query-input":{"@type":"PropertyValueSpecification","valueRequired":true,"valueName":"search_term_string"}}],"inLanguage":"es"},{"@type":"Organization","@id":"https:\/\/kinemedes-jhloay7c69.live-website.com\/#organization","name":"Cl&iacute;nica de Fisioterapia en Legan&eacute;s","url":"https:\/\/kinemedes-jhloay7c69.live-website.com\/","logo":{"@type":"ImageObject","inLanguage":"es","@id":"https:\/\/kinemedes-jhloay7c69.live-website.com\/#\/schema\/logo\/image\/","url":"https:\/\/kinemed.es\/wp-content\/uploads\/2016\/11\/logotipo_kinemed.png","contentUrl":"https:\/\/kinemed.es\/wp-content\/uploads\/2016\/11\/logotipo_kinemed.png","width":333,"height":82,"caption":"Cl&iacute;nica de Fisioterapia en Legan&eacute;s"},"image":{"@id":"https:\/\/kinemedes-jhloay7c69.live-website.com\/#\/schema\/logo\/image\/"},"sameAs":["https:\/\/www.facebook.com\/profile.php?id=100016924636696"]}]}},"_links":{"self":[{"href":"https:\/\/kinemed.es\/index.php\/wp-json\/wp\/v2\/pages\/102","targetHints":{"allow":["GET"]}}],"collection":[{"href":"https:\/\/kinemed.es\/index.php\/wp-json\/wp\/v2\/pages"}],"about":[{"href":"https:\/\/kinemed.es\/index.php\/wp-json\/wp\/v2\/types\/page"}],"author":[{"embeddable":true,"href":"https:\/\/kinemed.es\/index.php\/wp-json\/wp\/v2\/users\/1"}],"replies":[{"embeddable":true,"href":"https:\/\/kinemed.es\/index.php\/wp-json\/wp\/v2\/comments?post=102"}],"version-history":[{"count":22,"href":"https:\/\/kinemed.es\/index.php\/wp-json\/wp\/v2\/pages\/102\/revisions"}],"predecessor-version":[{"id":554,"href":"https:\/\/kinemed.es\/index.php\/wp-json\/wp\/v2\/pages\/102\/revisions\/554"}],"wp:attachment":[{"href":"https:\/\/kinemed.es\/index.php\/wp-json\/wp\/v2\/media?parent=102"}],"curies":[{"name":"wp","href":"https:\/\/api.w.org\/{rel}","templated":true}]}}